{"id":1947,"date":"2023-09-27T14:34:32","date_gmt":"2023-09-27T13:34:32","guid":{"rendered":"https:\/\/blackhorse-partners.com\/politica-de-cookies\/"},"modified":"2024-12-12T16:15:32","modified_gmt":"2024-12-12T15:15:32","slug":"politica-de-cookies","status":"publish","type":"page","link":"https:\/\/blackhorse-partners.com\/pt-pt\/politica-de-cookies\/","title":{"rendered":"Pol\u00edtica de cookies"},"content":{"rendered":"<div class=\"cli_pg_page_contaner\">\n<h3>Sobre esta pol\u00edtica de cookies.<\/h3>\n<div>Esta Pol\u00edtica de Cookies explica o que s\u00e3o cookies e como os utilizamos. Deve ler esta pol\u00edtica para compreender o que s\u00e3o cookies, como os utilizamos, os tipos de cookies que utilizamos, ou seja, as informa\u00e7\u00f5es que recolhemos utilizando cookies e como essas informa\u00e7\u00f5es s\u00e3o utilizadas e como controlar as prefer\u00eancias de cookies. Para mais informa\u00e7\u00f5es sobre a forma como utilizamos, armazenamos e mantemos os seus dados pessoais seguros, consulte a nossa Pol\u00edtica de Privacidade. Pode alterar ou retirar o seu consentimento da Declara\u00e7\u00e3o de Cookies no nosso website a qualquer momento.<br \/>\nSaiba mais sobre quem somos. como pode contactar-nos e como tratamos os seus dados pessoais na nossa Pol\u00edtica de Privacidade.<br \/>\nO seu consentimento aplica-se aos seguintes dom\u00ednios: blackhorse-partners.com<br \/>\n<div class=\"wt-cli-element cli_user_consent_state\"><\/div><\/div>\n<h3>O que s\u00e3o cookies?<\/h3>\n<div>Os cookies s\u00e3o pequenos ficheiros de texto utilizados para armazenar pequenas informa\u00e7\u00f5es. Os cookies s\u00e3o armazenados no seu dispositivo quando o website \u00e9 carregado no seu navegador. Estes cookies ajudam-nos a fazer com que o site funcione corretamente, a torn\u00e1-lo mais seguro, a proporcionar uma melhor experi\u00eancia ao utilizador e a compreender o desempenho do site e a analisar o que funciona e onde precisa de ser melhorado.<\/div>\n<h3>Como utilizamos os cookies?<\/h3>\n<div>Tal como a maioria dos servi\u00e7os online, o nosso site utiliza cookies pr\u00f3prios e de terceiros para diversos fins. Os cookies prim\u00e1rios s\u00e3o principalmente necess\u00e1rios para que o website funcione corretamente e n\u00e3o recolhem nenhum dos seus dados de identifica\u00e7\u00e3o pessoal. Os cookies de terceiros utilizados nos nossos websites s\u00e3o utilizados principalmente para compreender o desempenho do website, como interage com o nosso website, manter os nossos servi\u00e7os seguros, fornecer an\u00fancios que s\u00e3o relevantes para si e, geralmente, proporcionar uma experi\u00eancia de utilizador de cada vez melhor e ajudar.<\/p>\n<h3>Que tipos de cookies utilizamos?<\/h3>\n<div>Os cookies utilizados no nosso website est\u00e3o agrupados nas seguintes categorias.<br \/>\n<div class=\"wt-cli-element cli_cookie_category_single\"><\/div><br \/>\nA lista seguinte detalha os cookies utilizados no nosso website.<br \/>\n<table class=\"wt-cli-element cookielawinfo-classic cookielawinfo-row-cat-table\"><thead><tr><th scope=\"col\" class=\"cookielawinfo-column-1\">Cookie<\/th><\/thead><tbody><tr class=\"cookielawinfo-row\"><td colspan=\"2\" class=\"cookielawinfo-column-empty\"><\/td><\/tr><\/tbody><\/table><\/div>\n<h3>Como posso controlar as prefer\u00eancias dos cookies?<\/h3>\n<div>Pode gerir as suas prefer\u00eancias de cookies clicando no bot\u00e3o &#8220;Defini\u00e7\u00f5es&#8221; e ativando ou desativando as categorias de cookies na janela pop-up de acordo com as suas prefer\u00eancias. Se decidir alterar as suas prefer\u00eancias posteriormente durante a sess\u00e3o de navega\u00e7\u00e3o, pode clicar no separador &#8220;Gerir consentimento&#8221; no ecr\u00e3. Isto ir\u00e1 exibir novamente o aviso de consentimento, permitindo-lhe alterar as suas prefer\u00eancias ou retirar totalmente o seu consentimento. Pode alterar as defini\u00e7\u00f5es do seu navegador para bloquear\/apagar cookies. Para mais informa\u00e7\u00f5es sobre como gerir e eliminar cookies, visite wikipedia.org, www.allaboutcookies.org.<\/div>\n<\/div>\n<\/div>\n","protected":false},"excerpt":{"rendered":"<p>Sobre esta pol\u00edtica de cookies. Esta Pol\u00edtica de Cookies explica o que s\u00e3o cookies e como os utilizamos. Deve ler esta pol\u00edtica para compreender o que s\u00e3o cookies, como os &hellip;<\/p>\n","protected":false},"author":1,"featured_media":0,"parent":0,"menu_order":0,"comment_status":"closed","ping_status":"closed","template":"page-templates\/page-legal.php","meta":{"_acf_changed":false,"footnotes":""},"class_list":["post-1947","page","type-page","status-publish","hentry"],"acf":[],"yoast_head":"<!-- This site is optimized with the Yoast SEO plugin v27.4 - https:\/\/yoast.com\/product\/yoast-seo-wordpress\/ -->\n<title>Pol\u00edtica de cookies - Black Horse<\/title>\n<meta name=\"description\" content=\"Sobre esta pol\u00edtica de cookies. Esta Pol\u00edtica de Cookies explica o que s\u00e3o cookies e como os utilizamos. Deve ler esta pol\u00edtica para compreender o que s\u00e3o\" \/>\n<meta name=\"robots\" content=\"index, follow, max-snippet:-1, max-image-preview:large, max-video-preview:-1\" \/>\n<link rel=\"canonical\" href=\"https:\/\/blackhorse-partners.com\/pt-pt\/politica-de-cookies\/\" \/>\n<meta property=\"og:locale\" content=\"pt_PT\" \/>\n<meta property=\"og:type\" content=\"article\" \/>\n<meta property=\"og:title\" content=\"Pol\u00edtica de cookies - Black Horse\" \/>\n<meta property=\"og:description\" content=\"Sobre esta pol\u00edtica de cookies. Esta Pol\u00edtica de Cookies explica o que s\u00e3o cookies e como os utilizamos. Deve ler esta pol\u00edtica para compreender o que s\u00e3o\" \/>\n<meta property=\"og:url\" content=\"https:\/\/blackhorse-partners.com\/pt-pt\/politica-de-cookies\/\" \/>\n<meta property=\"og:site_name\" content=\"Black Horse\" \/>\n<meta property=\"article:modified_time\" content=\"2024-12-12T15:15:32+00:00\" \/>\n<meta name=\"twitter:card\" content=\"summary_large_image\" \/>\n<meta name=\"twitter:label1\" content=\"Tempo estimado de leitura\" \/>\n\t<meta name=\"twitter:data1\" content=\"3 minutos\" \/>\n<script type=\"application\/ld+json\" class=\"yoast-schema-graph\">{\"@context\":\"https:\\\/\\\/schema.org\",\"@graph\":[{\"@type\":\"WebPage\",\"@id\":\"https:\\\/\\\/blackhorse-partners.com\\\/pt-pt\\\/politica-de-cookies\\\/\",\"url\":\"https:\\\/\\\/blackhorse-partners.com\\\/pt-pt\\\/politica-de-cookies\\\/\",\"name\":\"Pol\u00edtica de cookies - Black Horse\",\"isPartOf\":{\"@id\":\"https:\\\/\\\/blackhorse-partners.com\\\/pt-pt\\\/#website\"},\"datePublished\":\"2023-09-27T13:34:32+00:00\",\"dateModified\":\"2024-12-12T15:15:32+00:00\",\"description\":\"Sobre esta pol\u00edtica de cookies. Esta Pol\u00edtica de Cookies explica o que s\u00e3o cookies e como os utilizamos. Deve ler esta pol\u00edtica para compreender o que s\u00e3o\",\"breadcrumb\":{\"@id\":\"https:\\\/\\\/blackhorse-partners.com\\\/pt-pt\\\/politica-de-cookies\\\/#breadcrumb\"},\"inLanguage\":\"pt-PT\",\"potentialAction\":[{\"@type\":\"ReadAction\",\"target\":[\"https:\\\/\\\/blackhorse-partners.com\\\/pt-pt\\\/politica-de-cookies\\\/\"]}]},{\"@type\":\"BreadcrumbList\",\"@id\":\"https:\\\/\\\/blackhorse-partners.com\\\/pt-pt\\\/politica-de-cookies\\\/#breadcrumb\",\"itemListElement\":[{\"@type\":\"ListItem\",\"position\":1,\"name\":\"Portada\",\"item\":\"https:\\\/\\\/blackhorse-partners.com\\\/pt-pt\\\/\"},{\"@type\":\"ListItem\",\"position\":2,\"name\":\"Pol\u00edtica de cookies\"}]},{\"@type\":\"WebSite\",\"@id\":\"https:\\\/\\\/blackhorse-partners.com\\\/pt-pt\\\/#website\",\"url\":\"https:\\\/\\\/blackhorse-partners.com\\\/pt-pt\\\/\",\"name\":\"Black Horse\",\"description\":\"Smart investments for exclusive living\",\"publisher\":{\"@id\":\"https:\\\/\\\/blackhorse-partners.com\\\/pt-pt\\\/#organization\"},\"potentialAction\":[{\"@type\":\"SearchAction\",\"target\":{\"@type\":\"EntryPoint\",\"urlTemplate\":\"https:\\\/\\\/blackhorse-partners.com\\\/pt-pt\\\/?s={search_term_string}\"},\"query-input\":{\"@type\":\"PropertyValueSpecification\",\"valueRequired\":true,\"valueName\":\"search_term_string\"}}],\"inLanguage\":\"pt-PT\"},{\"@type\":\"Organization\",\"@id\":\"https:\\\/\\\/blackhorse-partners.com\\\/pt-pt\\\/#organization\",\"name\":\"Black Horse\",\"url\":\"https:\\\/\\\/blackhorse-partners.com\\\/pt-pt\\\/\",\"logo\":{\"@type\":\"ImageObject\",\"inLanguage\":\"pt-PT\",\"@id\":\"https:\\\/\\\/blackhorse-partners.com\\\/pt-pt\\\/#\\\/schema\\\/logo\\\/image\\\/\",\"url\":\"https:\\\/\\\/blackhorse-partners.com\\\/wp-content\\\/uploads\\\/Logo_BH.png\",\"contentUrl\":\"https:\\\/\\\/blackhorse-partners.com\\\/wp-content\\\/uploads\\\/Logo_BH.png\",\"width\":113,\"height\":48,\"caption\":\"Black Horse\"},\"image\":{\"@id\":\"https:\\\/\\\/blackhorse-partners.com\\\/pt-pt\\\/#\\\/schema\\\/logo\\\/image\\\/\"}}]}<\/script>\n<!-- \/ Yoast SEO plugin. -->","yoast_head_json":{"title":"Pol\u00edtica de cookies - Black Horse","description":"Sobre esta pol\u00edtica de cookies. Esta Pol\u00edtica de Cookies explica o que s\u00e3o cookies e como os utilizamos. Deve ler esta pol\u00edtica para compreender o que s\u00e3o","robots":{"index":"index","follow":"follow","max-snippet":"max-snippet:-1","max-image-preview":"max-image-preview:large","max-video-preview":"max-video-preview:-1"},"canonical":"https:\/\/blackhorse-partners.com\/pt-pt\/politica-de-cookies\/","og_locale":"pt_PT","og_type":"article","og_title":"Pol\u00edtica de cookies - Black Horse","og_description":"Sobre esta pol\u00edtica de cookies. Esta Pol\u00edtica de Cookies explica o que s\u00e3o cookies e como os utilizamos. Deve ler esta pol\u00edtica para compreender o que s\u00e3o","og_url":"https:\/\/blackhorse-partners.com\/pt-pt\/politica-de-cookies\/","og_site_name":"Black Horse","article_modified_time":"2024-12-12T15:15:32+00:00","twitter_card":"summary_large_image","twitter_misc":{"Tempo estimado de leitura":"3 minutos"},"schema":{"@context":"https:\/\/schema.org","@graph":[{"@type":"WebPage","@id":"https:\/\/blackhorse-partners.com\/pt-pt\/politica-de-cookies\/","url":"https:\/\/blackhorse-partners.com\/pt-pt\/politica-de-cookies\/","name":"Pol\u00edtica de cookies - Black Horse","isPartOf":{"@id":"https:\/\/blackhorse-partners.com\/pt-pt\/#website"},"datePublished":"2023-09-27T13:34:32+00:00","dateModified":"2024-12-12T15:15:32+00:00","description":"Sobre esta pol\u00edtica de cookies. Esta Pol\u00edtica de Cookies explica o que s\u00e3o cookies e como os utilizamos. Deve ler esta pol\u00edtica para compreender o que s\u00e3o","breadcrumb":{"@id":"https:\/\/blackhorse-partners.com\/pt-pt\/politica-de-cookies\/#breadcrumb"},"inLanguage":"pt-PT","potentialAction":[{"@type":"ReadAction","target":["https:\/\/blackhorse-partners.com\/pt-pt\/politica-de-cookies\/"]}]},{"@type":"BreadcrumbList","@id":"https:\/\/blackhorse-partners.com\/pt-pt\/politica-de-cookies\/#breadcrumb","itemListElement":[{"@type":"ListItem","position":1,"name":"Portada","item":"https:\/\/blackhorse-partners.com\/pt-pt\/"},{"@type":"ListItem","position":2,"name":"Pol\u00edtica de cookies"}]},{"@type":"WebSite","@id":"https:\/\/blackhorse-partners.com\/pt-pt\/#website","url":"https:\/\/blackhorse-partners.com\/pt-pt\/","name":"Black Horse","description":"Smart investments for exclusive living","publisher":{"@id":"https:\/\/blackhorse-partners.com\/pt-pt\/#organization"},"potentialAction":[{"@type":"SearchAction","target":{"@type":"EntryPoint","urlTemplate":"https:\/\/blackhorse-partners.com\/pt-pt\/?s={search_term_string}"},"query-input":{"@type":"PropertyValueSpecification","valueRequired":true,"valueName":"search_term_string"}}],"inLanguage":"pt-PT"},{"@type":"Organization","@id":"https:\/\/blackhorse-partners.com\/pt-pt\/#organization","name":"Black Horse","url":"https:\/\/blackhorse-partners.com\/pt-pt\/","logo":{"@type":"ImageObject","inLanguage":"pt-PT","@id":"https:\/\/blackhorse-partners.com\/pt-pt\/#\/schema\/logo\/image\/","url":"https:\/\/blackhorse-partners.com\/wp-content\/uploads\/Logo_BH.png","contentUrl":"https:\/\/blackhorse-partners.com\/wp-content\/uploads\/Logo_BH.png","width":113,"height":48,"caption":"Black Horse"},"image":{"@id":"https:\/\/blackhorse-partners.com\/pt-pt\/#\/schema\/logo\/image\/"}}]}},"_links":{"self":[{"href":"https:\/\/blackhorse-partners.com\/pt-pt\/wp-json\/wp\/v2\/pages\/1947","targetHints":{"allow":["GET"]}}],"collection":[{"href":"https:\/\/blackhorse-partners.com\/pt-pt\/wp-json\/wp\/v2\/pages"}],"about":[{"href":"https:\/\/blackhorse-partners.com\/pt-pt\/wp-json\/wp\/v2\/types\/page"}],"author":[{"embeddable":true,"href":"https:\/\/blackhorse-partners.com\/pt-pt\/wp-json\/wp\/v2\/users\/1"}],"replies":[{"embeddable":true,"href":"https:\/\/blackhorse-partners.com\/pt-pt\/wp-json\/wp\/v2\/comments?post=1947"}],"version-history":[{"count":1,"href":"https:\/\/blackhorse-partners.com\/pt-pt\/wp-json\/wp\/v2\/pages\/1947\/revisions"}],"predecessor-version":[{"id":1949,"href":"https:\/\/blackhorse-partners.com\/pt-pt\/wp-json\/wp\/v2\/pages\/1947\/revisions\/1949"}],"wp:attachment":[{"href":"https:\/\/blackhorse-partners.com\/pt-pt\/wp-json\/wp\/v2\/media?parent=1947"}],"curies":[{"name":"wp","href":"https:\/\/api.w.org\/{rel}","templated":true}]}}