{"id":1752,"date":"2023-07-03T10:21:34","date_gmt":"2023-07-03T09:21:34","guid":{"rendered":"https:\/\/blackhorse-partners.com\/sostenibilidad\/"},"modified":"2024-12-12T12:03:30","modified_gmt":"2024-12-12T11:03:30","slug":"sustainability","status":"publish","type":"page","link":"https:\/\/blackhorse-partners.com\/pt-pt\/sustainability\/","title":{"rendered":"Sustentabilidade"},"content":{"rendered":"\n<p>A Black Horse Partners elabora projetos imobili\u00e1rios sustent\u00e1veis, utilizando materiais de constru\u00e7\u00e3o que sejam respeitadores do meio ambiente, tendo em conta onde s\u00e3o produzidos para se calcular o custo dos mesmos em CO2. Aplicando sistemas de efici\u00eancia energ\u00e9tica para melhorar os consumos dos im\u00f3veis e reduzir os recursos utilizados para as cargas de CO2.<\/p>\n","protected":false},"excerpt":{"rendered":"<p>A Black Horse Partners elabora projetos imobili\u00e1rios sustent\u00e1veis, utilizando materiais de constru\u00e7\u00e3o que sejam respeitadores do meio ambiente, tendo em conta onde s\u00e3o produzidos para se calcular o custo dos &hellip;<\/p>\n","protected":false},"author":1,"featured_media":0,"parent":0,"menu_order":0,"comment_status":"closed","ping_status":"closed","template":"page-templates\/page-with-header.php","meta":{"_acf_changed":false,"footnotes":""},"class_list":["post-1752","page","type-page","status-publish","hentry"],"acf":[],"yoast_head":"<!-- This site is optimized with the Yoast SEO plugin v27.4 - https:\/\/yoast.com\/product\/yoast-seo-wordpress\/ -->\n<title>Sustentabilidade - Black Horse<\/title>\n<meta name=\"description\" content=\"A Black Horse Partners elabora projetos imobili\u00e1rios sustent\u00e1veis, utilizando materiais de constru\u00e7\u00e3o que sejam respeitadores do meio ambiente, tendo em\" \/>\n<meta name=\"robots\" content=\"index, follow, max-snippet:-1, max-image-preview:large, max-video-preview:-1\" \/>\n<link rel=\"canonical\" href=\"https:\/\/blackhorse-partners.com\/pt-pt\/sustainability\/\" \/>\n<meta property=\"og:locale\" content=\"pt_PT\" \/>\n<meta property=\"og:type\" content=\"article\" \/>\n<meta property=\"og:title\" content=\"Sustentabilidade - Black Horse\" \/>\n<meta property=\"og:description\" content=\"A Black Horse Partners elabora projetos imobili\u00e1rios sustent\u00e1veis, utilizando materiais de constru\u00e7\u00e3o que sejam respeitadores do meio ambiente, tendo em\" \/>\n<meta property=\"og:url\" content=\"https:\/\/blackhorse-partners.com\/pt-pt\/sustainability\/\" \/>\n<meta property=\"og:site_name\" content=\"Black Horse\" \/>\n<meta property=\"article:modified_time\" content=\"2024-12-12T11:03:30+00:00\" \/>\n<meta name=\"twitter:card\" content=\"summary_large_image\" \/>\n<meta name=\"twitter:label1\" content=\"Tempo estimado de leitura\" \/>\n\t<meta name=\"twitter:data1\" content=\"1 minuto\" \/>\n<script type=\"application\/ld+json\" class=\"yoast-schema-graph\">{\"@context\":\"https:\\\/\\\/schema.org\",\"@graph\":[{\"@type\":\"WebPage\",\"@id\":\"https:\\\/\\\/blackhorse-partners.com\\\/pt-pt\\\/sustainability\\\/\",\"url\":\"https:\\\/\\\/blackhorse-partners.com\\\/pt-pt\\\/sustainability\\\/\",\"name\":\"Sustentabilidade - Black Horse\",\"isPartOf\":{\"@id\":\"https:\\\/\\\/blackhorse-partners.com\\\/pt-pt\\\/#website\"},\"datePublished\":\"2023-07-03T09:21:34+00:00\",\"dateModified\":\"2024-12-12T11:03:30+00:00\",\"description\":\"A Black Horse Partners elabora projetos imobili\u00e1rios sustent\u00e1veis, utilizando materiais de constru\u00e7\u00e3o que sejam respeitadores do meio ambiente, tendo em\",\"breadcrumb\":{\"@id\":\"https:\\\/\\\/blackhorse-partners.com\\\/pt-pt\\\/sustainability\\\/#breadcrumb\"},\"inLanguage\":\"pt-PT\",\"potentialAction\":[{\"@type\":\"ReadAction\",\"target\":[\"https:\\\/\\\/blackhorse-partners.com\\\/pt-pt\\\/sustainability\\\/\"]}]},{\"@type\":\"BreadcrumbList\",\"@id\":\"https:\\\/\\\/blackhorse-partners.com\\\/pt-pt\\\/sustainability\\\/#breadcrumb\",\"itemListElement\":[{\"@type\":\"ListItem\",\"position\":1,\"name\":\"Portada\",\"item\":\"https:\\\/\\\/blackhorse-partners.com\\\/pt-pt\\\/\"},{\"@type\":\"ListItem\",\"position\":2,\"name\":\"Sustentabilidade\"}]},{\"@type\":\"WebSite\",\"@id\":\"https:\\\/\\\/blackhorse-partners.com\\\/pt-pt\\\/#website\",\"url\":\"https:\\\/\\\/blackhorse-partners.com\\\/pt-pt\\\/\",\"name\":\"Black Horse\",\"description\":\"Smart investments for exclusive living\",\"publisher\":{\"@id\":\"https:\\\/\\\/blackhorse-partners.com\\\/pt-pt\\\/#organization\"},\"potentialAction\":[{\"@type\":\"SearchAction\",\"target\":{\"@type\":\"EntryPoint\",\"urlTemplate\":\"https:\\\/\\\/blackhorse-partners.com\\\/pt-pt\\\/?s={search_term_string}\"},\"query-input\":{\"@type\":\"PropertyValueSpecification\",\"valueRequired\":true,\"valueName\":\"search_term_string\"}}],\"inLanguage\":\"pt-PT\"},{\"@type\":\"Organization\",\"@id\":\"https:\\\/\\\/blackhorse-partners.com\\\/pt-pt\\\/#organization\",\"name\":\"Black Horse\",\"url\":\"https:\\\/\\\/blackhorse-partners.com\\\/pt-pt\\\/\",\"logo\":{\"@type\":\"ImageObject\",\"inLanguage\":\"pt-PT\",\"@id\":\"https:\\\/\\\/blackhorse-partners.com\\\/pt-pt\\\/#\\\/schema\\\/logo\\\/image\\\/\",\"url\":\"https:\\\/\\\/blackhorse-partners.com\\\/wp-content\\\/uploads\\\/Logo_BH.png\",\"contentUrl\":\"https:\\\/\\\/blackhorse-partners.com\\\/wp-content\\\/uploads\\\/Logo_BH.png\",\"width\":113,\"height\":48,\"caption\":\"Black Horse\"},\"image\":{\"@id\":\"https:\\\/\\\/blackhorse-partners.com\\\/pt-pt\\\/#\\\/schema\\\/logo\\\/image\\\/\"}}]}<\/script>\n<!-- \/ Yoast SEO plugin. -->","yoast_head_json":{"title":"Sustentabilidade - Black Horse","description":"A Black Horse Partners elabora projetos imobili\u00e1rios sustent\u00e1veis, utilizando materiais de constru\u00e7\u00e3o que sejam respeitadores do meio ambiente, tendo em","robots":{"index":"index","follow":"follow","max-snippet":"max-snippet:-1","max-image-preview":"max-image-preview:large","max-video-preview":"max-video-preview:-1"},"canonical":"https:\/\/blackhorse-partners.com\/pt-pt\/sustainability\/","og_locale":"pt_PT","og_type":"article","og_title":"Sustentabilidade - Black Horse","og_description":"A Black Horse Partners elabora projetos imobili\u00e1rios sustent\u00e1veis, utilizando materiais de constru\u00e7\u00e3o que sejam respeitadores do meio ambiente, tendo em","og_url":"https:\/\/blackhorse-partners.com\/pt-pt\/sustainability\/","og_site_name":"Black Horse","article_modified_time":"2024-12-12T11:03:30+00:00","twitter_card":"summary_large_image","twitter_misc":{"Tempo estimado de leitura":"1 minuto"},"schema":{"@context":"https:\/\/schema.org","@graph":[{"@type":"WebPage","@id":"https:\/\/blackhorse-partners.com\/pt-pt\/sustainability\/","url":"https:\/\/blackhorse-partners.com\/pt-pt\/sustainability\/","name":"Sustentabilidade - Black Horse","isPartOf":{"@id":"https:\/\/blackhorse-partners.com\/pt-pt\/#website"},"datePublished":"2023-07-03T09:21:34+00:00","dateModified":"2024-12-12T11:03:30+00:00","description":"A Black Horse Partners elabora projetos imobili\u00e1rios sustent\u00e1veis, utilizando materiais de constru\u00e7\u00e3o que sejam respeitadores do meio ambiente, tendo em","breadcrumb":{"@id":"https:\/\/blackhorse-partners.com\/pt-pt\/sustainability\/#breadcrumb"},"inLanguage":"pt-PT","potentialAction":[{"@type":"ReadAction","target":["https:\/\/blackhorse-partners.com\/pt-pt\/sustainability\/"]}]},{"@type":"BreadcrumbList","@id":"https:\/\/blackhorse-partners.com\/pt-pt\/sustainability\/#breadcrumb","itemListElement":[{"@type":"ListItem","position":1,"name":"Portada","item":"https:\/\/blackhorse-partners.com\/pt-pt\/"},{"@type":"ListItem","position":2,"name":"Sustentabilidade"}]},{"@type":"WebSite","@id":"https:\/\/blackhorse-partners.com\/pt-pt\/#website","url":"https:\/\/blackhorse-partners.com\/pt-pt\/","name":"Black Horse","description":"Smart investments for exclusive living","publisher":{"@id":"https:\/\/blackhorse-partners.com\/pt-pt\/#organization"},"potentialAction":[{"@type":"SearchAction","target":{"@type":"EntryPoint","urlTemplate":"https:\/\/blackhorse-partners.com\/pt-pt\/?s={search_term_string}"},"query-input":{"@type":"PropertyValueSpecification","valueRequired":true,"valueName":"search_term_string"}}],"inLanguage":"pt-PT"},{"@type":"Organization","@id":"https:\/\/blackhorse-partners.com\/pt-pt\/#organization","name":"Black Horse","url":"https:\/\/blackhorse-partners.com\/pt-pt\/","logo":{"@type":"ImageObject","inLanguage":"pt-PT","@id":"https:\/\/blackhorse-partners.com\/pt-pt\/#\/schema\/logo\/image\/","url":"https:\/\/blackhorse-partners.com\/wp-content\/uploads\/Logo_BH.png","contentUrl":"https:\/\/blackhorse-partners.com\/wp-content\/uploads\/Logo_BH.png","width":113,"height":48,"caption":"Black Horse"},"image":{"@id":"https:\/\/blackhorse-partners.com\/pt-pt\/#\/schema\/logo\/image\/"}}]}},"_links":{"self":[{"href":"https:\/\/blackhorse-partners.com\/pt-pt\/wp-json\/wp\/v2\/pages\/1752","targetHints":{"allow":["GET"]}}],"collection":[{"href":"https:\/\/blackhorse-partners.com\/pt-pt\/wp-json\/wp\/v2\/pages"}],"about":[{"href":"https:\/\/blackhorse-partners.com\/pt-pt\/wp-json\/wp\/v2\/types\/page"}],"author":[{"embeddable":true,"href":"https:\/\/blackhorse-partners.com\/pt-pt\/wp-json\/wp\/v2\/users\/1"}],"replies":[{"embeddable":true,"href":"https:\/\/blackhorse-partners.com\/pt-pt\/wp-json\/wp\/v2\/comments?post=1752"}],"version-history":[{"count":3,"href":"https:\/\/blackhorse-partners.com\/pt-pt\/wp-json\/wp\/v2\/pages\/1752\/revisions"}],"predecessor-version":[{"id":1898,"href":"https:\/\/blackhorse-partners.com\/pt-pt\/wp-json\/wp\/v2\/pages\/1752\/revisions\/1898"}],"wp:attachment":[{"href":"https:\/\/blackhorse-partners.com\/pt-pt\/wp-json\/wp\/v2\/media?parent=1752"}],"curies":[{"name":"wp","href":"https:\/\/api.w.org\/{rel}","templated":true}]}}