{"id":1725,"date":"2022-03-30T09:27:15","date_gmt":"2022-03-30T08:27:15","guid":{"rendered":"https:\/\/blackhorse-partners.com\/?page_id=1725"},"modified":"2024-12-12T09:16:56","modified_gmt":"2024-12-12T08:16:56","slug":"politica-de-privacidade","status":"publish","type":"page","link":"https:\/\/blackhorse-partners.com\/pt-pt\/politica-de-privacidade\/","title":{"rendered":"Pol\u00edtica de Privacidade"},"content":{"rendered":"\n<p><b>Generalidades<\/b><\/p>\n<p>De acordo com o Regulamento Geral de Prote\u00e7\u00e3o de Dados (UE) 2016\/679 do Parlamento Europeu e do Conselho, de 27 de abril de 2016, relativo \u00e0 prote\u00e7\u00e3o das pessoas singulares (adiante designado por RGPD) e a legisla\u00e7\u00e3o nacional, a Lei Org\u00e2nica 3\/2018 de Prote\u00e7\u00e3o de Dados e Garantia dos Direitos Digitais (adiante designada por LOPDGDD), e para cumprir o dever de informa\u00e7\u00e3o exigido pela legisla\u00e7\u00e3o referida, a BLACK HORSE PARTNERS, S.L. informa os interessados (adiante designados por Utilizadores) sobre a sua Pol\u00edtica de Privacidade e tratamento de dados pessoais. Este documento tem como objetivo explicar a nossa Pol\u00edtica de Privacidade e detalhar as informa\u00e7\u00f5es relativas ao tratamento de dados pessoais e aos direitos que os Utilizadores podem exercer para manter o controlo sobre os seus dados. <i>Data de atualiza\u00e7\u00e3o: Novembro de 2021<\/i><\/p>\n<p><b>Respons\u00e1vel pelo tratamento<\/b><\/p>\n<p>O operador do site e respons\u00e1vel pelo tratamento dos dados \u00e9:<\/p>\n<table>\n<tbody>\n<tr>\n<td>Raz\u00e3o social<\/td>\n<td colspan=\"2\">BLACK HORSE PARTNERS, S.L.<\/td>\n<\/tr>\n<tr>\n<td>NIF<\/td>\n<td colspan=\"2\">B72631807<\/td>\n<\/tr>\n<tr>\n<td>Morada<\/td>\n<td colspan=\"2\">Passeig de Gr\u00e0cia, 79, Principal 2\u00aa, 08008 Barcelona<\/td>\n<\/tr>\n<tr>\n<td>Telefone<\/td>\n<td>+34 93 515 9778<\/td>\n<td>\u00a0<\/td>\n<\/tr>\n<tr>\n<td>Email<\/td>\n<td colspan=\"2\"><a href=\"mailto:hello@blackhorse-partners.com\">hello@blackhorse-partners.com<\/a><\/td>\n<\/tr>\n<tr>\n<td>Setor<\/td>\n<td colspan=\"2\">Imobili\u00e1rio<\/td>\n<\/tr>\n<\/tbody>\n<\/table>\n<p><br \/><br \/>A BLACK HORSE PARTNERS, S.L. \u00e9 uma empresa especializada em promo\u00e7\u00f5es imobili\u00e1rias.<\/p>\n<p><b>Tratamento de dados<\/b><\/p>\n<p>O Utilizador do site pode navegar sem necessidade de fornecer dados pessoais. Contudo, os dados pessoais que possam ser recolhidos diretamente do Utilizador ser\u00e3o tratados de forma confidencial e incorporados na atividade de tratamento correspondente, da titularidade da BLACK HORSE PARTNERS, S.L. Dependendo do contexto e da finalidade para a qual o Utilizador forneceu os seus dados, estes ser\u00e3o tratados para: <br \/><br \/><\/p>\n<table>\n<tbody>\n<tr>\n<td><b>Finalidade do tratamento<\/b><\/td>\n<td><b>Base legal<\/b><\/td>\n<td><b>Destinat\u00e1rios<\/b><\/td>\n<td><b>Prazo de conserva\u00e7\u00e3o<\/b><\/td>\n<\/tr>\n<tr>\n<td>Entrar em contacto com o remetente das informa\u00e7\u00f5es, responder ao seu pedido ou consulta e realizar o seguimento posterior.<\/td>\n<td>Interesse leg\u00edtimo para responder aos pedidos de informa\u00e7\u00e3o pelos canais de comunica\u00e7\u00e3o. Consentimento dos interessados.<\/td>\n<td>N\u00e3o se prev\u00ea a transfer\u00eancia de dados a terceiros, salvo obriga\u00e7\u00e3o legal ou execu\u00e7\u00e3o do pr\u00f3prio contrato de presta\u00e7\u00e3o de servi\u00e7os. N\u00e3o ser\u00e3o realizadas transfer\u00eancias internacionais.<\/td>\n<td>At\u00e9 \u00e0 resolu\u00e7\u00e3o do pedido de informa\u00e7\u00e3o ou enquanto durar a rela\u00e7\u00e3o comercial.<\/td>\n<\/tr>\n<tr>\n<td>Gerir e controlar a carteira de clientes e fornecedores.<\/td>\n<td>Rela\u00e7\u00e3o contratual para execu\u00e7\u00e3o de um contrato. Interesse leg\u00edtimo.<\/td>\n<td>N\u00e3o se prev\u00ea a transfer\u00eancia de dados a terceiros, salvo obriga\u00e7\u00e3o legal ou execu\u00e7\u00e3o do pr\u00f3prio contrato de presta\u00e7\u00e3o de servi\u00e7os. N\u00e3o ser\u00e3o realizadas transfer\u00eancias internacionais.<\/td>\n<td>Enquanto durar a rela\u00e7\u00e3o contratual.<\/td>\n<\/tr>\n<tr>\n<td>Gest\u00e3o fiscal, contabil\u00edstica e jur\u00eddica.<\/td>\n<td>Obriga\u00e7\u00e3o legal do respons\u00e1vel.<\/td>\n<td>N\u00e3o se prev\u00ea a transfer\u00eancia de dados a terceiros, salvo obriga\u00e7\u00e3o legal. N\u00e3o ser\u00e3o realizadas transfer\u00eancias internacionais.<\/td>\n<td>Durante o tempo necess\u00e1rio para cumprir os prazos legais aplic\u00e1veis para atender eventuais responsabilidades.<\/td>\n<\/tr>\n<tr>\n<td>Presta\u00e7\u00e3o de servi\u00e7os e comercializa\u00e7\u00e3o de produtos: oferecer servi\u00e7os, produtos e atividades para cota\u00e7\u00f5es, presta\u00e7\u00e3o, gest\u00e3o e execu\u00e7\u00e3o dos servi\u00e7os.<\/td>\n<td>Interesse leg\u00edtimo para responder aos pedidos de informa\u00e7\u00e3o pelos canais de comunica\u00e7\u00e3o. Consentimento dos interessados.<\/td>\n<td>N\u00e3o se prev\u00ea a transfer\u00eancia de dados a terceiros, salvo obriga\u00e7\u00e3o legal ou execu\u00e7\u00e3o do pr\u00f3prio contrato de presta\u00e7\u00e3o de servi\u00e7os. N\u00e3o ser\u00e3o realizadas transfer\u00eancias internacionais.<\/td>\n<td>At\u00e9 \u00e0 resolu\u00e7\u00e3o do pedido de informa\u00e7\u00e3o ou enquanto durar a rela\u00e7\u00e3o comercial.<\/td>\n<\/tr>\n<tr>\n<td>Comunica\u00e7\u00f5es comerciais.<\/td>\n<td>Consentimento do interessado. Interesse leg\u00edtimo.<\/td>\n<td>N\u00e3o se prev\u00ea a transfer\u00eancia de dados a terceiros, salvo obriga\u00e7\u00e3o legal. N\u00e3o ser\u00e3o realizadas transfer\u00eancias internacionais.<\/td>\n<td>Ser\u00e3o conservados durante o tempo necess\u00e1rio para cumprir a finalidade para a qual foram recolhidos ou at\u00e9 que o Utilizador retire o seu consentimento.<\/td>\n<\/tr>\n<tr>\n<td>Gest\u00e3o do exerc\u00edcio dos direitos dos Utilizadores.<\/td>\n<td>Obriga\u00e7\u00e3o legal do respons\u00e1vel.<\/td>\n<td>N\u00e3o se prev\u00ea a transfer\u00eancia de dados a terceiros, salvo obriga\u00e7\u00e3o legal. N\u00e3o ser\u00e3o realizadas transfer\u00eancias internacionais.<\/td>\n<td>Durante o tempo necess\u00e1rio para cumprir os prazos legais aplic\u00e1veis para atender eventuais responsabilidades.<\/td>\n<\/tr>\n<\/tbody>\n<\/table>\n<p><br \/><br \/><b>Obten\u00e7\u00e3o dos dados<\/b><\/p>\n<p>Os dados pessoais tratados pela BLACK HORSE PARTNERS, S.L. s\u00e3o recolhidos atrav\u00e9s da informa\u00e7\u00e3o fornecida voluntariamente pelo Utilizador por meio das ferramentas dispon\u00edveis neste site ou atrav\u00e9s do contrato de presta\u00e7\u00e3o de servi\u00e7os. As categorias de dados tratadas incluem: dados identificativos (nome e, se aplic\u00e1vel, apelidos), email, telefone, morada, informa\u00e7\u00f5es comerciais, dados econ\u00f3micos e qualquer outra informa\u00e7\u00e3o inclu\u00edda nas comunica\u00e7\u00f5es enviadas. N\u00e3o s\u00e3o tratados dados especialmente protegidos.<\/p>\n<p><b>Informa\u00e7\u00e3o necess\u00e1ria, atualizada e veracidade dos dados<\/b><\/p>\n<p>Quando o Utilizador fornece os seus dados para utilizar os nossos servi\u00e7os, garante que os mesmos s\u00e3o reais, verdadeiros, atualizados e pertencem ao pr\u00f3prio. Solicitamos que o Utilizador notifique quaisquer altera\u00e7\u00f5es nos dados com a maior brevidade poss\u00edvel, garantindo que a informa\u00e7\u00e3o fornecida esteja sempre atualizada e sem erros. Para tal, o Utilizador pode contactar-nos atrav\u00e9s do seguinte email: hello@blackhorse-partners.com<\/p>\n<p><b>Direitos dos Utilizadores<\/b><\/p>\n<p>Qualquer pessoa tem direito a obter confirma\u00e7\u00e3o sobre se a BLACK HORSE PARTNERS, S.L. est\u00e1 a tratar os seus dados pessoais. Os interessados t\u00eam direito a aceder aos seus dados, solicitar a retifica\u00e7\u00e3o ou a sua elimina\u00e7\u00e3o quando os mesmos n\u00e3o sejam mais necess\u00e1rios para as finalidades para as quais foram recolhidos. Os direitos reconhecidos pela legisla\u00e7\u00e3o vigente incluem:<\/p>\n<table>\n<tbody>\n<tr>\n<td><b>Direito<\/b><\/td>\n<td><b>Descri\u00e7\u00e3o<\/b><\/td>\n<\/tr>\n<tr>\n<td>Direito de acesso<\/td>\n<td>Permite ao Utilizador aceder aos seus dados pessoais e obter informa\u00e7\u00f5es detalhadas sobre o seu tratamento.<\/td>\n<\/tr>\n<tr>\n<td>Direito de retifica\u00e7\u00e3o<\/td>\n<td>Permite ao Utilizador solicitar a corre\u00e7\u00e3o de dados incorretos ou incompletos.<\/td>\n<\/tr>\n<tr>\n<td>Direito de elimina\u00e7\u00e3o<\/td>\n<td>Conhecido como &#8220;direito ao esquecimento&#8221;, permite ao Utilizador solicitar a exclus\u00e3o de dados pessoais quando n\u00e3o houver motivo para o seu tratamento continuado.<\/td>\n<\/tr>\n<tr>\n<td>Direito de limita\u00e7\u00e3o<\/td>\n<td>Permite ao Utilizador limitar o tratamento dos seus dados em determinadas circunst\u00e2ncias.<\/td>\n<\/tr>\n<tr>\n<td>Direito \u00e0 portabilidade<\/td>\n<td>Permite ao Utilizador receber os seus dados em formato estruturado e leg\u00edvel, e transmiti-los a outro respons\u00e1vel pelo tratamento.<\/td>\n<\/tr>\n<tr>\n<td>Direito de oposi\u00e7\u00e3o<\/td>\n<td>Permite ao Utilizador opor-se ao tratamento dos seus dados em determinadas situa\u00e7\u00f5es.<\/td>\n<\/tr>\n<tr>\n<td>Direito de retirar o consentimento<\/td>\n<td>Permite ao Utilizador retirar o consentimento previamente dado, a qualquer momento.<\/td>\n<\/tr>\n<\/tbody>\n<\/table>\n<p><br \/><b>Exerc\u00edcio dos direitos<\/b><\/p>\n<p>O Utilizador pode exercer os seus direitos contactando a BLACK HORSE PARTNERS, S.L. atrav\u00e9s de correio postal: Passeig de Gr\u00e0cia, 79, Principal 2\u00aa (08008 Barcelona), ou email: hello@blackhorse-partners.com, indicando no assunto o direito a exercer.<\/p>\n<p><b>Medidas de seguran\u00e7a<\/b><\/p>\n<p>A BLACK HORSE PARTNERS, S.L. adotou medidas de seguran\u00e7a adequadas para proteger os dados pessoais contra perda, uso indevido, altera\u00e7\u00e3o, acesso n\u00e3o autorizado e roubo.<\/p>\n<p><b>Cookies<\/b><\/p>\n<p>Este site pode utilizar cookies. Nestes casos, os Utilizadores ser\u00e3o informados e o consentimento ser\u00e1 solicitado. As cookies n\u00e3o armazenam informa\u00e7\u00f5es que permitam identificar os Utilizadores. Para mais informa\u00e7\u00f5es, consulte a Pol\u00edtica de Cookies.<\/p>\n<p><b>Modifica\u00e7\u00e3o da Pol\u00edtica de Privacidade<\/b><\/p>\n<p>A BLACK HORSE PARTNERS, S.L. reserva-se o direito de modificar esta Pol\u00edtica de Privacidade a qualquer momento. As altera\u00e7\u00f5es ser\u00e3o publicadas no site e aplicadas a partir desse momento.<\/p>\n<p><b>\u00d3rg\u00e3o supervisor<\/b><\/p>\n<p>Se considerar que os seus direitos n\u00e3o foram atendidos, pode apresentar uma reclama\u00e7\u00e3o \u00e0 Ag\u00eancia Espanhola de Prote\u00e7\u00e3o de Dados (AEPD): C\/. Jorge Juan, 6, 28001, Madrid, ou atrav\u00e9s do portal: www.agpd.es<\/p>\n","protected":false},"excerpt":{"rendered":"<p>Generalidades De acordo com o Regulamento Geral de Prote\u00e7\u00e3o de Dados (UE) 2016\/679 do Parlamento Europeu e do Conselho, de 27 de abril de 2016, relativo \u00e0 prote\u00e7\u00e3o das pessoas &hellip;<\/p>\n","protected":false},"author":1,"featured_media":0,"parent":0,"menu_order":0,"comment_status":"closed","ping_status":"closed","template":"page-templates\/page-legal.php","meta":{"_acf_changed":false,"footnotes":""},"class_list":["post-1725","page","type-page","status-publish","hentry"],"acf":[],"yoast_head":"<!-- This site is optimized with the Yoast SEO plugin v27.2 - https:\/\/yoast.com\/product\/yoast-seo-wordpress\/ -->\n<title>Pol\u00edtica de Privacidade - Black Horse<\/title>\n<meta name=\"description\" content=\"Generalidades De acordo com o Regulamento Geral de Prote\u00e7\u00e3o de Dados (UE) 2016\/679 do Parlamento Europeu e do Conselho, de 27 de abril de 2016, relativo \u00e0\" \/>\n<meta name=\"robots\" content=\"index, follow, max-snippet:-1, max-image-preview:large, max-video-preview:-1\" \/>\n<link rel=\"canonical\" href=\"https:\/\/blackhorse-partners.com\/pt-pt\/politica-de-privacidade\/\" \/>\n<meta property=\"og:locale\" content=\"pt_PT\" \/>\n<meta property=\"og:type\" content=\"article\" \/>\n<meta property=\"og:title\" content=\"Pol\u00edtica de Privacidade - Black Horse\" \/>\n<meta property=\"og:description\" content=\"Generalidades De acordo com o Regulamento Geral de Prote\u00e7\u00e3o de Dados (UE) 2016\/679 do Parlamento Europeu e do Conselho, de 27 de abril de 2016, relativo \u00e0\" \/>\n<meta property=\"og:url\" content=\"https:\/\/blackhorse-partners.com\/pt-pt\/politica-de-privacidade\/\" \/>\n<meta property=\"og:site_name\" content=\"Black Horse\" \/>\n<meta property=\"article:modified_time\" content=\"2024-12-12T08:16:56+00:00\" \/>\n<meta name=\"twitter:card\" content=\"summary_large_image\" \/>\n<meta name=\"twitter:label1\" content=\"Tempo estimado de leitura\" \/>\n\t<meta name=\"twitter:data1\" content=\"5 minutos\" \/>\n<script type=\"application\/ld+json\" class=\"yoast-schema-graph\">{\"@context\":\"https:\/\/schema.org\",\"@graph\":[{\"@type\":\"WebPage\",\"@id\":\"https:\/\/blackhorse-partners.com\/pt-pt\/politica-de-privacidade\/\",\"url\":\"https:\/\/blackhorse-partners.com\/pt-pt\/politica-de-privacidade\/\",\"name\":\"Pol\u00edtica de Privacidade - Black Horse\",\"isPartOf\":{\"@id\":\"https:\/\/blackhorse-partners.com\/pt-pt\/#website\"},\"datePublished\":\"2022-03-30T08:27:15+00:00\",\"dateModified\":\"2024-12-12T08:16:56+00:00\",\"description\":\"Generalidades De acordo com o Regulamento Geral de Prote\u00e7\u00e3o de Dados (UE) 2016\/679 do Parlamento Europeu e do Conselho, de 27 de abril de 2016, relativo \u00e0\",\"breadcrumb\":{\"@id\":\"https:\/\/blackhorse-partners.com\/pt-pt\/politica-de-privacidade\/#breadcrumb\"},\"inLanguage\":\"pt-PT\",\"potentialAction\":[{\"@type\":\"ReadAction\",\"target\":[\"https:\/\/blackhorse-partners.com\/pt-pt\/politica-de-privacidade\/\"]}]},{\"@type\":\"BreadcrumbList\",\"@id\":\"https:\/\/blackhorse-partners.com\/pt-pt\/politica-de-privacidade\/#breadcrumb\",\"itemListElement\":[{\"@type\":\"ListItem\",\"position\":1,\"name\":\"Portada\",\"item\":\"https:\/\/blackhorse-partners.com\/pt-pt\/\"},{\"@type\":\"ListItem\",\"position\":2,\"name\":\"Pol\u00edtica de Privacidade\"}]},{\"@type\":\"WebSite\",\"@id\":\"https:\/\/blackhorse-partners.com\/pt-pt\/#website\",\"url\":\"https:\/\/blackhorse-partners.com\/pt-pt\/\",\"name\":\"Black Horse\",\"description\":\"Smart investments for exclusive living\",\"publisher\":{\"@id\":\"https:\/\/blackhorse-partners.com\/pt-pt\/#organization\"},\"potentialAction\":[{\"@type\":\"SearchAction\",\"target\":{\"@type\":\"EntryPoint\",\"urlTemplate\":\"https:\/\/blackhorse-partners.com\/pt-pt\/?s={search_term_string}\"},\"query-input\":{\"@type\":\"PropertyValueSpecification\",\"valueRequired\":true,\"valueName\":\"search_term_string\"}}],\"inLanguage\":\"pt-PT\"},{\"@type\":\"Organization\",\"@id\":\"https:\/\/blackhorse-partners.com\/pt-pt\/#organization\",\"name\":\"Black Horse\",\"url\":\"https:\/\/blackhorse-partners.com\/pt-pt\/\",\"logo\":{\"@type\":\"ImageObject\",\"inLanguage\":\"pt-PT\",\"@id\":\"https:\/\/blackhorse-partners.com\/pt-pt\/#\/schema\/logo\/image\/\",\"url\":\"https:\/\/blackhorse-partners.com\/wp-content\/uploads\/Logo_BH.png\",\"contentUrl\":\"https:\/\/blackhorse-partners.com\/wp-content\/uploads\/Logo_BH.png\",\"width\":113,\"height\":48,\"caption\":\"Black Horse\"},\"image\":{\"@id\":\"https:\/\/blackhorse-partners.com\/pt-pt\/#\/schema\/logo\/image\/\"}}]}<\/script>\n<!-- \/ Yoast SEO plugin. -->","yoast_head_json":{"title":"Pol\u00edtica de Privacidade - Black Horse","description":"Generalidades De acordo com o Regulamento Geral de Prote\u00e7\u00e3o de Dados (UE) 2016\/679 do Parlamento Europeu e do Conselho, de 27 de abril de 2016, relativo \u00e0","robots":{"index":"index","follow":"follow","max-snippet":"max-snippet:-1","max-image-preview":"max-image-preview:large","max-video-preview":"max-video-preview:-1"},"canonical":"https:\/\/blackhorse-partners.com\/pt-pt\/politica-de-privacidade\/","og_locale":"pt_PT","og_type":"article","og_title":"Pol\u00edtica de Privacidade - Black Horse","og_description":"Generalidades De acordo com o Regulamento Geral de Prote\u00e7\u00e3o de Dados (UE) 2016\/679 do Parlamento Europeu e do Conselho, de 27 de abril de 2016, relativo \u00e0","og_url":"https:\/\/blackhorse-partners.com\/pt-pt\/politica-de-privacidade\/","og_site_name":"Black Horse","article_modified_time":"2024-12-12T08:16:56+00:00","twitter_card":"summary_large_image","twitter_misc":{"Tempo estimado de leitura":"5 minutos"},"schema":{"@context":"https:\/\/schema.org","@graph":[{"@type":"WebPage","@id":"https:\/\/blackhorse-partners.com\/pt-pt\/politica-de-privacidade\/","url":"https:\/\/blackhorse-partners.com\/pt-pt\/politica-de-privacidade\/","name":"Pol\u00edtica de Privacidade - Black Horse","isPartOf":{"@id":"https:\/\/blackhorse-partners.com\/pt-pt\/#website"},"datePublished":"2022-03-30T08:27:15+00:00","dateModified":"2024-12-12T08:16:56+00:00","description":"Generalidades De acordo com o Regulamento Geral de Prote\u00e7\u00e3o de Dados (UE) 2016\/679 do Parlamento Europeu e do Conselho, de 27 de abril de 2016, relativo \u00e0","breadcrumb":{"@id":"https:\/\/blackhorse-partners.com\/pt-pt\/politica-de-privacidade\/#breadcrumb"},"inLanguage":"pt-PT","potentialAction":[{"@type":"ReadAction","target":["https:\/\/blackhorse-partners.com\/pt-pt\/politica-de-privacidade\/"]}]},{"@type":"BreadcrumbList","@id":"https:\/\/blackhorse-partners.com\/pt-pt\/politica-de-privacidade\/#breadcrumb","itemListElement":[{"@type":"ListItem","position":1,"name":"Portada","item":"https:\/\/blackhorse-partners.com\/pt-pt\/"},{"@type":"ListItem","position":2,"name":"Pol\u00edtica de Privacidade"}]},{"@type":"WebSite","@id":"https:\/\/blackhorse-partners.com\/pt-pt\/#website","url":"https:\/\/blackhorse-partners.com\/pt-pt\/","name":"Black Horse","description":"Smart investments for exclusive living","publisher":{"@id":"https:\/\/blackhorse-partners.com\/pt-pt\/#organization"},"potentialAction":[{"@type":"SearchAction","target":{"@type":"EntryPoint","urlTemplate":"https:\/\/blackhorse-partners.com\/pt-pt\/?s={search_term_string}"},"query-input":{"@type":"PropertyValueSpecification","valueRequired":true,"valueName":"search_term_string"}}],"inLanguage":"pt-PT"},{"@type":"Organization","@id":"https:\/\/blackhorse-partners.com\/pt-pt\/#organization","name":"Black Horse","url":"https:\/\/blackhorse-partners.com\/pt-pt\/","logo":{"@type":"ImageObject","inLanguage":"pt-PT","@id":"https:\/\/blackhorse-partners.com\/pt-pt\/#\/schema\/logo\/image\/","url":"https:\/\/blackhorse-partners.com\/wp-content\/uploads\/Logo_BH.png","contentUrl":"https:\/\/blackhorse-partners.com\/wp-content\/uploads\/Logo_BH.png","width":113,"height":48,"caption":"Black Horse"},"image":{"@id":"https:\/\/blackhorse-partners.com\/pt-pt\/#\/schema\/logo\/image\/"}}]}},"_links":{"self":[{"href":"https:\/\/blackhorse-partners.com\/pt-pt\/wp-json\/wp\/v2\/pages\/1725","targetHints":{"allow":["GET"]}}],"collection":[{"href":"https:\/\/blackhorse-partners.com\/pt-pt\/wp-json\/wp\/v2\/pages"}],"about":[{"href":"https:\/\/blackhorse-partners.com\/pt-pt\/wp-json\/wp\/v2\/types\/page"}],"author":[{"embeddable":true,"href":"https:\/\/blackhorse-partners.com\/pt-pt\/wp-json\/wp\/v2\/users\/1"}],"replies":[{"embeddable":true,"href":"https:\/\/blackhorse-partners.com\/pt-pt\/wp-json\/wp\/v2\/comments?post=1725"}],"version-history":[{"count":1,"href":"https:\/\/blackhorse-partners.com\/pt-pt\/wp-json\/wp\/v2\/pages\/1725\/revisions"}],"predecessor-version":[{"id":1726,"href":"https:\/\/blackhorse-partners.com\/pt-pt\/wp-json\/wp\/v2\/pages\/1725\/revisions\/1726"}],"wp:attachment":[{"href":"https:\/\/blackhorse-partners.com\/pt-pt\/wp-json\/wp\/v2\/media?parent=1725"}],"curies":[{"name":"wp","href":"https:\/\/api.w.org\/{rel}","templated":true}]}}