{"id":1153,"date":"2022-03-31T07:48:04","date_gmt":"2022-03-31T06:48:04","guid":{"rendered":"https:\/\/blackhorse-partners.com\/home\/"},"modified":"2024-03-14T09:04:40","modified_gmt":"2024-03-14T08:04:40","slug":"home","status":"publish","type":"page","link":"https:\/\/blackhorse-partners.com\/fr\/","title":{"rendered":"P\u00e1gina principal"},"content":{"rendered":"","protected":false},"excerpt":{"rendered":"","protected":false},"author":1,"featured_media":0,"parent":0,"menu_order":0,"comment_status":"closed","ping_status":"closed","template":"page-templates\/page-home.php","meta":{"_acf_changed":false,"footnotes":""},"class_list":["post-1153","page","type-page","status-publish","hentry"],"acf":[],"yoast_head":"<!-- This site is optimized with the Yoast SEO plugin v27.4 - https:\/\/yoast.com\/product\/yoast-seo-wordpress\/ -->\n<title>Plate-forme d&#039;investissement priv\u00e9 - Black Horse Partners<\/title>\n<meta name=\"description\" content=\"Black Horse Partners con\u00e7oit et ex\u00e9cute des strat\u00e9gies d&#039;investissement \u00e0 valeur ajout\u00e9e et des investissements immobiliers.\" \/>\n<meta name=\"robots\" content=\"index, follow, max-snippet:-1, max-image-preview:large, max-video-preview:-1\" \/>\n<link rel=\"canonical\" href=\"https:\/\/blackhorse-partners.com\/fr\/\" \/>\n<meta property=\"og:locale\" content=\"fr_FR\" \/>\n<meta property=\"og:type\" content=\"article\" \/>\n<meta property=\"og:title\" content=\"Plate-forme d&#039;investissement priv\u00e9 - Black Horse Partners\" \/>\n<meta property=\"og:description\" content=\"Black Horse Partners con\u00e7oit et ex\u00e9cute des strat\u00e9gies d&#039;investissement \u00e0 valeur ajout\u00e9e et des investissements immobiliers.\" \/>\n<meta property=\"og:url\" content=\"https:\/\/blackhorse-partners.com\/fr\/\" \/>\n<meta property=\"og:site_name\" content=\"Black Horse\" \/>\n<meta property=\"article:modified_time\" content=\"2024-03-14T08:04:40+00:00\" \/>\n<meta name=\"twitter:card\" content=\"summary_large_image\" \/>\n<script type=\"application\/ld+json\" class=\"yoast-schema-graph\">{\"@context\":\"https:\\\/\\\/schema.org\",\"@graph\":[{\"@type\":\"WebPage\",\"@id\":\"https:\\\/\\\/blackhorse-partners.com\\\/fr\\\/\",\"url\":\"https:\\\/\\\/blackhorse-partners.com\\\/fr\\\/\",\"name\":\"Plate-forme d'investissement priv\u00e9 - Black Horse Partners\",\"isPartOf\":{\"@id\":\"https:\\\/\\\/blackhorse-partners.com\\\/fr\\\/#website\"},\"datePublished\":\"2022-03-31T06:48:04+00:00\",\"dateModified\":\"2024-03-14T08:04:40+00:00\",\"description\":\"Black Horse Partners con\u00e7oit et ex\u00e9cute des strat\u00e9gies d'investissement \u00e0 valeur ajout\u00e9e et des investissements immobiliers.\",\"breadcrumb\":{\"@id\":\"https:\\\/\\\/blackhorse-partners.com\\\/fr\\\/#breadcrumb\"},\"inLanguage\":\"fr-FR\",\"potentialAction\":[{\"@type\":\"ReadAction\",\"target\":[\"https:\\\/\\\/blackhorse-partners.com\\\/fr\\\/\"]}]},{\"@type\":\"BreadcrumbList\",\"@id\":\"https:\\\/\\\/blackhorse-partners.com\\\/fr\\\/#breadcrumb\",\"itemListElement\":[{\"@type\":\"ListItem\",\"position\":1,\"name\":\"Portada\",\"item\":\"https:\\\/\\\/blackhorse-partners.com\\\/fr\\\/\"},{\"@type\":\"ListItem\",\"position\":2,\"name\":\"P\u00e1gina principal\"}]},{\"@type\":\"WebSite\",\"@id\":\"https:\\\/\\\/blackhorse-partners.com\\\/fr\\\/#website\",\"url\":\"https:\\\/\\\/blackhorse-partners.com\\\/fr\\\/\",\"name\":\"Black Horse\",\"description\":\"Smart investments for exclusive living\",\"publisher\":{\"@id\":\"https:\\\/\\\/blackhorse-partners.com\\\/fr\\\/#organization\"},\"potentialAction\":[{\"@type\":\"SearchAction\",\"target\":{\"@type\":\"EntryPoint\",\"urlTemplate\":\"https:\\\/\\\/blackhorse-partners.com\\\/fr\\\/?s={search_term_string}\"},\"query-input\":{\"@type\":\"PropertyValueSpecification\",\"valueRequired\":true,\"valueName\":\"search_term_string\"}}],\"inLanguage\":\"fr-FR\"},{\"@type\":\"Organization\",\"@id\":\"https:\\\/\\\/blackhorse-partners.com\\\/fr\\\/#organization\",\"name\":\"Black Horse\",\"url\":\"https:\\\/\\\/blackhorse-partners.com\\\/fr\\\/\",\"logo\":{\"@type\":\"ImageObject\",\"inLanguage\":\"fr-FR\",\"@id\":\"https:\\\/\\\/blackhorse-partners.com\\\/fr\\\/#\\\/schema\\\/logo\\\/image\\\/\",\"url\":\"https:\\\/\\\/blackhorse-partners.com\\\/wp-content\\\/uploads\\\/Logo_BH.png\",\"contentUrl\":\"https:\\\/\\\/blackhorse-partners.com\\\/wp-content\\\/uploads\\\/Logo_BH.png\",\"width\":113,\"height\":48,\"caption\":\"Black Horse\"},\"image\":{\"@id\":\"https:\\\/\\\/blackhorse-partners.com\\\/fr\\\/#\\\/schema\\\/logo\\\/image\\\/\"}}]}<\/script>\n<!-- \/ Yoast SEO plugin. -->","yoast_head_json":{"title":"Plate-forme d'investissement priv\u00e9 - Black Horse Partners","description":"Black Horse Partners con\u00e7oit et ex\u00e9cute des strat\u00e9gies d'investissement \u00e0 valeur ajout\u00e9e et des investissements immobiliers.","robots":{"index":"index","follow":"follow","max-snippet":"max-snippet:-1","max-image-preview":"max-image-preview:large","max-video-preview":"max-video-preview:-1"},"canonical":"https:\/\/blackhorse-partners.com\/fr\/","og_locale":"fr_FR","og_type":"article","og_title":"Plate-forme d'investissement priv\u00e9 - Black Horse Partners","og_description":"Black Horse Partners con\u00e7oit et ex\u00e9cute des strat\u00e9gies d'investissement \u00e0 valeur ajout\u00e9e et des investissements immobiliers.","og_url":"https:\/\/blackhorse-partners.com\/fr\/","og_site_name":"Black Horse","article_modified_time":"2024-03-14T08:04:40+00:00","twitter_card":"summary_large_image","schema":{"@context":"https:\/\/schema.org","@graph":[{"@type":"WebPage","@id":"https:\/\/blackhorse-partners.com\/fr\/","url":"https:\/\/blackhorse-partners.com\/fr\/","name":"Plate-forme d'investissement priv\u00e9 - Black Horse Partners","isPartOf":{"@id":"https:\/\/blackhorse-partners.com\/fr\/#website"},"datePublished":"2022-03-31T06:48:04+00:00","dateModified":"2024-03-14T08:04:40+00:00","description":"Black Horse Partners con\u00e7oit et ex\u00e9cute des strat\u00e9gies d'investissement \u00e0 valeur ajout\u00e9e et des investissements immobiliers.","breadcrumb":{"@id":"https:\/\/blackhorse-partners.com\/fr\/#breadcrumb"},"inLanguage":"fr-FR","potentialAction":[{"@type":"ReadAction","target":["https:\/\/blackhorse-partners.com\/fr\/"]}]},{"@type":"BreadcrumbList","@id":"https:\/\/blackhorse-partners.com\/fr\/#breadcrumb","itemListElement":[{"@type":"ListItem","position":1,"name":"Portada","item":"https:\/\/blackhorse-partners.com\/fr\/"},{"@type":"ListItem","position":2,"name":"P\u00e1gina principal"}]},{"@type":"WebSite","@id":"https:\/\/blackhorse-partners.com\/fr\/#website","url":"https:\/\/blackhorse-partners.com\/fr\/","name":"Black Horse","description":"Smart investments for exclusive living","publisher":{"@id":"https:\/\/blackhorse-partners.com\/fr\/#organization"},"potentialAction":[{"@type":"SearchAction","target":{"@type":"EntryPoint","urlTemplate":"https:\/\/blackhorse-partners.com\/fr\/?s={search_term_string}"},"query-input":{"@type":"PropertyValueSpecification","valueRequired":true,"valueName":"search_term_string"}}],"inLanguage":"fr-FR"},{"@type":"Organization","@id":"https:\/\/blackhorse-partners.com\/fr\/#organization","name":"Black Horse","url":"https:\/\/blackhorse-partners.com\/fr\/","logo":{"@type":"ImageObject","inLanguage":"fr-FR","@id":"https:\/\/blackhorse-partners.com\/fr\/#\/schema\/logo\/image\/","url":"https:\/\/blackhorse-partners.com\/wp-content\/uploads\/Logo_BH.png","contentUrl":"https:\/\/blackhorse-partners.com\/wp-content\/uploads\/Logo_BH.png","width":113,"height":48,"caption":"Black Horse"},"image":{"@id":"https:\/\/blackhorse-partners.com\/fr\/#\/schema\/logo\/image\/"}}]}},"_links":{"self":[{"href":"https:\/\/blackhorse-partners.com\/fr\/wp-json\/wp\/v2\/pages\/1153","targetHints":{"allow":["GET"]}}],"collection":[{"href":"https:\/\/blackhorse-partners.com\/fr\/wp-json\/wp\/v2\/pages"}],"about":[{"href":"https:\/\/blackhorse-partners.com\/fr\/wp-json\/wp\/v2\/types\/page"}],"author":[{"embeddable":true,"href":"https:\/\/blackhorse-partners.com\/fr\/wp-json\/wp\/v2\/users\/1"}],"replies":[{"embeddable":true,"href":"https:\/\/blackhorse-partners.com\/fr\/wp-json\/wp\/v2\/comments?post=1153"}],"version-history":[{"count":8,"href":"https:\/\/blackhorse-partners.com\/fr\/wp-json\/wp\/v2\/pages\/1153\/revisions"}],"predecessor-version":[{"id":1570,"href":"https:\/\/blackhorse-partners.com\/fr\/wp-json\/wp\/v2\/pages\/1153\/revisions\/1570"}],"wp:attachment":[{"href":"https:\/\/blackhorse-partners.com\/fr\/wp-json\/wp\/v2\/media?parent=1153"}],"curies":[{"name":"wp","href":"https:\/\/api.w.org\/{rel}","templated":true}]}}