{"id":1144,"date":"2022-04-01T06:56:23","date_gmt":"2022-04-01T05:56:23","guid":{"rendered":"https:\/\/blackhorse-partners.com\/contacto\/"},"modified":"2024-11-21T13:40:48","modified_gmt":"2024-11-21T12:40:48","slug":"contact","status":"publish","type":"page","link":"https:\/\/blackhorse-partners.com\/fr\/contact\/","title":{"rendered":"Contact"},"content":{"rendered":"\n<p>Nous sommes l\u00e0 pour vous \u00e9couter. Notre \u00e9quipe est \u00e0 votre disposition pour toute question.<\/p>\n<p><a href=\"mailto:hello@blackhorse-partners.com\">hello@blackhorse-partners.com<\/a><\/p>\n","protected":false},"excerpt":{"rendered":"<p>Nous sommes l\u00e0 pour vous \u00e9couter. Notre \u00e9quipe est \u00e0 votre disposition pour toute question. hello@blackhorse-partners.com<\/p>\n","protected":false},"author":1,"featured_media":0,"parent":0,"menu_order":0,"comment_status":"closed","ping_status":"closed","template":"page-templates\/page-contact.php","meta":{"_acf_changed":false,"footnotes":""},"class_list":["post-1144","page","type-page","status-publish","hentry"],"acf":[],"yoast_head":"<!-- This site is optimized with the Yoast SEO plugin v27.2 - https:\/\/yoast.com\/product\/yoast-seo-wordpress\/ -->\n<title>Contact - Black Horse<\/title>\n<meta name=\"description\" content=\"Nous sommes l\u00e0 pour vous \u00e9couter. Notre \u00e9quipe est \u00e0 votre disposition pour toute question. hello@blackhorse-partners.com\" \/>\n<meta name=\"robots\" content=\"index, follow, max-snippet:-1, max-image-preview:large, max-video-preview:-1\" \/>\n<link rel=\"canonical\" href=\"https:\/\/blackhorse-partners.com\/fr\/contact\/\" \/>\n<meta property=\"og:locale\" content=\"fr_FR\" \/>\n<meta property=\"og:type\" content=\"article\" \/>\n<meta property=\"og:title\" content=\"Contact - Black Horse\" \/>\n<meta property=\"og:description\" content=\"Nous sommes l\u00e0 pour vous \u00e9couter. Notre \u00e9quipe est \u00e0 votre disposition pour toute question. hello@blackhorse-partners.com\" \/>\n<meta property=\"og:url\" content=\"https:\/\/blackhorse-partners.com\/fr\/contact\/\" \/>\n<meta property=\"og:site_name\" content=\"Black Horse\" \/>\n<meta property=\"article:modified_time\" content=\"2024-11-21T12:40:48+00:00\" \/>\n<meta name=\"twitter:card\" content=\"summary_large_image\" \/>\n<meta name=\"twitter:label1\" content=\"Dur\u00e9e de lecture estim\u00e9e\" \/>\n\t<meta name=\"twitter:data1\" content=\"1 minute\" \/>\n<script type=\"application\/ld+json\" class=\"yoast-schema-graph\">{\"@context\":\"https:\/\/schema.org\",\"@graph\":[{\"@type\":\"WebPage\",\"@id\":\"https:\/\/blackhorse-partners.com\/fr\/contact\/\",\"url\":\"https:\/\/blackhorse-partners.com\/fr\/contact\/\",\"name\":\"Contact - Black Horse\",\"isPartOf\":{\"@id\":\"https:\/\/blackhorse-partners.com\/fr\/#website\"},\"datePublished\":\"2022-04-01T05:56:23+00:00\",\"dateModified\":\"2024-11-21T12:40:48+00:00\",\"description\":\"Nous sommes l\u00e0 pour vous \u00e9couter. Notre \u00e9quipe est \u00e0 votre disposition pour toute question. hello@blackhorse-partners.com\",\"breadcrumb\":{\"@id\":\"https:\/\/blackhorse-partners.com\/fr\/contact\/#breadcrumb\"},\"inLanguage\":\"fr-FR\",\"potentialAction\":[{\"@type\":\"ReadAction\",\"target\":[\"https:\/\/blackhorse-partners.com\/fr\/contact\/\"]}]},{\"@type\":\"BreadcrumbList\",\"@id\":\"https:\/\/blackhorse-partners.com\/fr\/contact\/#breadcrumb\",\"itemListElement\":[{\"@type\":\"ListItem\",\"position\":1,\"name\":\"Portada\",\"item\":\"https:\/\/blackhorse-partners.com\/fr\/\"},{\"@type\":\"ListItem\",\"position\":2,\"name\":\"Contact\"}]},{\"@type\":\"WebSite\",\"@id\":\"https:\/\/blackhorse-partners.com\/fr\/#website\",\"url\":\"https:\/\/blackhorse-partners.com\/fr\/\",\"name\":\"Black Horse\",\"description\":\"Smart investments for exclusive living\",\"publisher\":{\"@id\":\"https:\/\/blackhorse-partners.com\/fr\/#organization\"},\"potentialAction\":[{\"@type\":\"SearchAction\",\"target\":{\"@type\":\"EntryPoint\",\"urlTemplate\":\"https:\/\/blackhorse-partners.com\/fr\/?s={search_term_string}\"},\"query-input\":{\"@type\":\"PropertyValueSpecification\",\"valueRequired\":true,\"valueName\":\"search_term_string\"}}],\"inLanguage\":\"fr-FR\"},{\"@type\":\"Organization\",\"@id\":\"https:\/\/blackhorse-partners.com\/fr\/#organization\",\"name\":\"Black Horse\",\"url\":\"https:\/\/blackhorse-partners.com\/fr\/\",\"logo\":{\"@type\":\"ImageObject\",\"inLanguage\":\"fr-FR\",\"@id\":\"https:\/\/blackhorse-partners.com\/fr\/#\/schema\/logo\/image\/\",\"url\":\"https:\/\/blackhorse-partners.com\/wp-content\/uploads\/Logo_BH.png\",\"contentUrl\":\"https:\/\/blackhorse-partners.com\/wp-content\/uploads\/Logo_BH.png\",\"width\":113,\"height\":48,\"caption\":\"Black Horse\"},\"image\":{\"@id\":\"https:\/\/blackhorse-partners.com\/fr\/#\/schema\/logo\/image\/\"}}]}<\/script>\n<!-- \/ Yoast SEO plugin. -->","yoast_head_json":{"title":"Contact - Black Horse","description":"Nous sommes l\u00e0 pour vous \u00e9couter. Notre \u00e9quipe est \u00e0 votre disposition pour toute question. hello@blackhorse-partners.com","robots":{"index":"index","follow":"follow","max-snippet":"max-snippet:-1","max-image-preview":"max-image-preview:large","max-video-preview":"max-video-preview:-1"},"canonical":"https:\/\/blackhorse-partners.com\/fr\/contact\/","og_locale":"fr_FR","og_type":"article","og_title":"Contact - Black Horse","og_description":"Nous sommes l\u00e0 pour vous \u00e9couter. Notre \u00e9quipe est \u00e0 votre disposition pour toute question. hello@blackhorse-partners.com","og_url":"https:\/\/blackhorse-partners.com\/fr\/contact\/","og_site_name":"Black Horse","article_modified_time":"2024-11-21T12:40:48+00:00","twitter_card":"summary_large_image","twitter_misc":{"Dur\u00e9e de lecture estim\u00e9e":"1 minute"},"schema":{"@context":"https:\/\/schema.org","@graph":[{"@type":"WebPage","@id":"https:\/\/blackhorse-partners.com\/fr\/contact\/","url":"https:\/\/blackhorse-partners.com\/fr\/contact\/","name":"Contact - Black Horse","isPartOf":{"@id":"https:\/\/blackhorse-partners.com\/fr\/#website"},"datePublished":"2022-04-01T05:56:23+00:00","dateModified":"2024-11-21T12:40:48+00:00","description":"Nous sommes l\u00e0 pour vous \u00e9couter. Notre \u00e9quipe est \u00e0 votre disposition pour toute question. hello@blackhorse-partners.com","breadcrumb":{"@id":"https:\/\/blackhorse-partners.com\/fr\/contact\/#breadcrumb"},"inLanguage":"fr-FR","potentialAction":[{"@type":"ReadAction","target":["https:\/\/blackhorse-partners.com\/fr\/contact\/"]}]},{"@type":"BreadcrumbList","@id":"https:\/\/blackhorse-partners.com\/fr\/contact\/#breadcrumb","itemListElement":[{"@type":"ListItem","position":1,"name":"Portada","item":"https:\/\/blackhorse-partners.com\/fr\/"},{"@type":"ListItem","position":2,"name":"Contact"}]},{"@type":"WebSite","@id":"https:\/\/blackhorse-partners.com\/fr\/#website","url":"https:\/\/blackhorse-partners.com\/fr\/","name":"Black Horse","description":"Smart investments for exclusive living","publisher":{"@id":"https:\/\/blackhorse-partners.com\/fr\/#organization"},"potentialAction":[{"@type":"SearchAction","target":{"@type":"EntryPoint","urlTemplate":"https:\/\/blackhorse-partners.com\/fr\/?s={search_term_string}"},"query-input":{"@type":"PropertyValueSpecification","valueRequired":true,"valueName":"search_term_string"}}],"inLanguage":"fr-FR"},{"@type":"Organization","@id":"https:\/\/blackhorse-partners.com\/fr\/#organization","name":"Black Horse","url":"https:\/\/blackhorse-partners.com\/fr\/","logo":{"@type":"ImageObject","inLanguage":"fr-FR","@id":"https:\/\/blackhorse-partners.com\/fr\/#\/schema\/logo\/image\/","url":"https:\/\/blackhorse-partners.com\/wp-content\/uploads\/Logo_BH.png","contentUrl":"https:\/\/blackhorse-partners.com\/wp-content\/uploads\/Logo_BH.png","width":113,"height":48,"caption":"Black Horse"},"image":{"@id":"https:\/\/blackhorse-partners.com\/fr\/#\/schema\/logo\/image\/"}}]}},"_links":{"self":[{"href":"https:\/\/blackhorse-partners.com\/fr\/wp-json\/wp\/v2\/pages\/1144","targetHints":{"allow":["GET"]}}],"collection":[{"href":"https:\/\/blackhorse-partners.com\/fr\/wp-json\/wp\/v2\/pages"}],"about":[{"href":"https:\/\/blackhorse-partners.com\/fr\/wp-json\/wp\/v2\/types\/page"}],"author":[{"embeddable":true,"href":"https:\/\/blackhorse-partners.com\/fr\/wp-json\/wp\/v2\/users\/1"}],"replies":[{"embeddable":true,"href":"https:\/\/blackhorse-partners.com\/fr\/wp-json\/wp\/v2\/comments?post=1144"}],"version-history":[{"count":14,"href":"https:\/\/blackhorse-partners.com\/fr\/wp-json\/wp\/v2\/pages\/1144\/revisions"}],"predecessor-version":[{"id":1707,"href":"https:\/\/blackhorse-partners.com\/fr\/wp-json\/wp\/v2\/pages\/1144\/revisions\/1707"}],"wp:attachment":[{"href":"https:\/\/blackhorse-partners.com\/fr\/wp-json\/wp\/v2\/media?parent=1144"}],"curies":[{"name":"wp","href":"https:\/\/api.w.org\/{rel}","templated":true}]}}