{"id":1124,"date":"2023-07-03T10:20:48","date_gmt":"2023-07-03T09:20:48","guid":{"rendered":"https:\/\/blackhorse-partners.com\/la-compania\/"},"modified":"2024-03-14T09:14:55","modified_gmt":"2024-03-14T08:14:55","slug":"lentreprise","status":"publish","type":"page","link":"https:\/\/blackhorse-partners.com\/fr\/lentreprise\/","title":{"rendered":"L\u2019Entreprise"},"content":{"rendered":"\n<p>Entit\u00e9 financi\u00e8re qui investit, d\u00e9veloppe et g\u00e8re des actifs immobiliers en Espagne et en Andorre.<\/p>\n<p>Nos projets sont soutenus par un groupe d&rsquo;investisseurs priv\u00e9s et des family offices engag\u00e9s, qui apportent en permanence du capital financier pour nos diff\u00e9rents types d&rsquo;investissement, mandats individuels et club deals.<\/p>\n","protected":false},"excerpt":{"rendered":"<p>Entit\u00e9 financi\u00e8re qui investit, d\u00e9veloppe et g\u00e8re des actifs immobiliers en Espagne et en Andorre. Nos projets sont soutenus par un groupe d&rsquo;investisseurs priv\u00e9s et des family offices engag\u00e9s, qui &hellip;<\/p>\n","protected":false},"author":1,"featured_media":0,"parent":0,"menu_order":0,"comment_status":"closed","ping_status":"closed","template":"page-templates\/page-with-header.php","meta":{"_acf_changed":false,"footnotes":""},"class_list":["post-1124","page","type-page","status-publish","hentry"],"acf":[],"yoast_head":"<!-- This site is optimized with the Yoast SEO plugin v27.2 - https:\/\/yoast.com\/product\/yoast-seo-wordpress\/ -->\n<title>L\u2019Entreprise - Black Horse<\/title>\n<meta name=\"description\" content=\"Entit\u00e9 financi\u00e8re qui investit, d\u00e9veloppe et g\u00e8re des actifs immobiliers en Espagne et en Andorre. Nos projets sont soutenus par un groupe d&#039;investisseurs\" \/>\n<meta name=\"robots\" content=\"index, follow, max-snippet:-1, max-image-preview:large, max-video-preview:-1\" \/>\n<link rel=\"canonical\" href=\"https:\/\/blackhorse-partners.com\/fr\/lentreprise\/\" \/>\n<meta property=\"og:locale\" content=\"fr_FR\" \/>\n<meta property=\"og:type\" content=\"article\" \/>\n<meta property=\"og:title\" content=\"L\u2019Entreprise - Black Horse\" \/>\n<meta property=\"og:description\" content=\"Entit\u00e9 financi\u00e8re qui investit, d\u00e9veloppe et g\u00e8re des actifs immobiliers en Espagne et en Andorre. Nos projets sont soutenus par un groupe d&#039;investisseurs\" \/>\n<meta property=\"og:url\" content=\"https:\/\/blackhorse-partners.com\/fr\/lentreprise\/\" \/>\n<meta property=\"og:site_name\" content=\"Black Horse\" \/>\n<meta property=\"article:modified_time\" content=\"2024-03-14T08:14:55+00:00\" \/>\n<meta name=\"twitter:card\" content=\"summary_large_image\" \/>\n<meta name=\"twitter:label1\" content=\"Dur\u00e9e de lecture estim\u00e9e\" \/>\n\t<meta name=\"twitter:data1\" content=\"1 minute\" \/>\n<script type=\"application\/ld+json\" class=\"yoast-schema-graph\">{\"@context\":\"https:\/\/schema.org\",\"@graph\":[{\"@type\":\"WebPage\",\"@id\":\"https:\/\/blackhorse-partners.com\/fr\/lentreprise\/\",\"url\":\"https:\/\/blackhorse-partners.com\/fr\/lentreprise\/\",\"name\":\"L\u2019Entreprise - Black Horse\",\"isPartOf\":{\"@id\":\"https:\/\/blackhorse-partners.com\/fr\/#website\"},\"datePublished\":\"2023-07-03T09:20:48+00:00\",\"dateModified\":\"2024-03-14T08:14:55+00:00\",\"description\":\"Entit\u00e9 financi\u00e8re qui investit, d\u00e9veloppe et g\u00e8re des actifs immobiliers en Espagne et en Andorre. Nos projets sont soutenus par un groupe d'investisseurs\",\"breadcrumb\":{\"@id\":\"https:\/\/blackhorse-partners.com\/fr\/lentreprise\/#breadcrumb\"},\"inLanguage\":\"fr-FR\",\"potentialAction\":[{\"@type\":\"ReadAction\",\"target\":[\"https:\/\/blackhorse-partners.com\/fr\/lentreprise\/\"]}]},{\"@type\":\"BreadcrumbList\",\"@id\":\"https:\/\/blackhorse-partners.com\/fr\/lentreprise\/#breadcrumb\",\"itemListElement\":[{\"@type\":\"ListItem\",\"position\":1,\"name\":\"Portada\",\"item\":\"https:\/\/blackhorse-partners.com\/fr\/\"},{\"@type\":\"ListItem\",\"position\":2,\"name\":\"L\u2019Entreprise\"}]},{\"@type\":\"WebSite\",\"@id\":\"https:\/\/blackhorse-partners.com\/fr\/#website\",\"url\":\"https:\/\/blackhorse-partners.com\/fr\/\",\"name\":\"Black Horse\",\"description\":\"Smart investments for exclusive living\",\"publisher\":{\"@id\":\"https:\/\/blackhorse-partners.com\/fr\/#organization\"},\"potentialAction\":[{\"@type\":\"SearchAction\",\"target\":{\"@type\":\"EntryPoint\",\"urlTemplate\":\"https:\/\/blackhorse-partners.com\/fr\/?s={search_term_string}\"},\"query-input\":{\"@type\":\"PropertyValueSpecification\",\"valueRequired\":true,\"valueName\":\"search_term_string\"}}],\"inLanguage\":\"fr-FR\"},{\"@type\":\"Organization\",\"@id\":\"https:\/\/blackhorse-partners.com\/fr\/#organization\",\"name\":\"Black Horse\",\"url\":\"https:\/\/blackhorse-partners.com\/fr\/\",\"logo\":{\"@type\":\"ImageObject\",\"inLanguage\":\"fr-FR\",\"@id\":\"https:\/\/blackhorse-partners.com\/fr\/#\/schema\/logo\/image\/\",\"url\":\"https:\/\/blackhorse-partners.com\/wp-content\/uploads\/Logo_BH.png\",\"contentUrl\":\"https:\/\/blackhorse-partners.com\/wp-content\/uploads\/Logo_BH.png\",\"width\":113,\"height\":48,\"caption\":\"Black Horse\"},\"image\":{\"@id\":\"https:\/\/blackhorse-partners.com\/fr\/#\/schema\/logo\/image\/\"}}]}<\/script>\n<!-- \/ Yoast SEO plugin. -->","yoast_head_json":{"title":"L\u2019Entreprise - Black Horse","description":"Entit\u00e9 financi\u00e8re qui investit, d\u00e9veloppe et g\u00e8re des actifs immobiliers en Espagne et en Andorre. Nos projets sont soutenus par un groupe d'investisseurs","robots":{"index":"index","follow":"follow","max-snippet":"max-snippet:-1","max-image-preview":"max-image-preview:large","max-video-preview":"max-video-preview:-1"},"canonical":"https:\/\/blackhorse-partners.com\/fr\/lentreprise\/","og_locale":"fr_FR","og_type":"article","og_title":"L\u2019Entreprise - Black Horse","og_description":"Entit\u00e9 financi\u00e8re qui investit, d\u00e9veloppe et g\u00e8re des actifs immobiliers en Espagne et en Andorre. Nos projets sont soutenus par un groupe d'investisseurs","og_url":"https:\/\/blackhorse-partners.com\/fr\/lentreprise\/","og_site_name":"Black Horse","article_modified_time":"2024-03-14T08:14:55+00:00","twitter_card":"summary_large_image","twitter_misc":{"Dur\u00e9e de lecture estim\u00e9e":"1 minute"},"schema":{"@context":"https:\/\/schema.org","@graph":[{"@type":"WebPage","@id":"https:\/\/blackhorse-partners.com\/fr\/lentreprise\/","url":"https:\/\/blackhorse-partners.com\/fr\/lentreprise\/","name":"L\u2019Entreprise - Black Horse","isPartOf":{"@id":"https:\/\/blackhorse-partners.com\/fr\/#website"},"datePublished":"2023-07-03T09:20:48+00:00","dateModified":"2024-03-14T08:14:55+00:00","description":"Entit\u00e9 financi\u00e8re qui investit, d\u00e9veloppe et g\u00e8re des actifs immobiliers en Espagne et en Andorre. Nos projets sont soutenus par un groupe d'investisseurs","breadcrumb":{"@id":"https:\/\/blackhorse-partners.com\/fr\/lentreprise\/#breadcrumb"},"inLanguage":"fr-FR","potentialAction":[{"@type":"ReadAction","target":["https:\/\/blackhorse-partners.com\/fr\/lentreprise\/"]}]},{"@type":"BreadcrumbList","@id":"https:\/\/blackhorse-partners.com\/fr\/lentreprise\/#breadcrumb","itemListElement":[{"@type":"ListItem","position":1,"name":"Portada","item":"https:\/\/blackhorse-partners.com\/fr\/"},{"@type":"ListItem","position":2,"name":"L\u2019Entreprise"}]},{"@type":"WebSite","@id":"https:\/\/blackhorse-partners.com\/fr\/#website","url":"https:\/\/blackhorse-partners.com\/fr\/","name":"Black Horse","description":"Smart investments for exclusive living","publisher":{"@id":"https:\/\/blackhorse-partners.com\/fr\/#organization"},"potentialAction":[{"@type":"SearchAction","target":{"@type":"EntryPoint","urlTemplate":"https:\/\/blackhorse-partners.com\/fr\/?s={search_term_string}"},"query-input":{"@type":"PropertyValueSpecification","valueRequired":true,"valueName":"search_term_string"}}],"inLanguage":"fr-FR"},{"@type":"Organization","@id":"https:\/\/blackhorse-partners.com\/fr\/#organization","name":"Black Horse","url":"https:\/\/blackhorse-partners.com\/fr\/","logo":{"@type":"ImageObject","inLanguage":"fr-FR","@id":"https:\/\/blackhorse-partners.com\/fr\/#\/schema\/logo\/image\/","url":"https:\/\/blackhorse-partners.com\/wp-content\/uploads\/Logo_BH.png","contentUrl":"https:\/\/blackhorse-partners.com\/wp-content\/uploads\/Logo_BH.png","width":113,"height":48,"caption":"Black Horse"},"image":{"@id":"https:\/\/blackhorse-partners.com\/fr\/#\/schema\/logo\/image\/"}}]}},"_links":{"self":[{"href":"https:\/\/blackhorse-partners.com\/fr\/wp-json\/wp\/v2\/pages\/1124","targetHints":{"allow":["GET"]}}],"collection":[{"href":"https:\/\/blackhorse-partners.com\/fr\/wp-json\/wp\/v2\/pages"}],"about":[{"href":"https:\/\/blackhorse-partners.com\/fr\/wp-json\/wp\/v2\/types\/page"}],"author":[{"embeddable":true,"href":"https:\/\/blackhorse-partners.com\/fr\/wp-json\/wp\/v2\/users\/1"}],"replies":[{"embeddable":true,"href":"https:\/\/blackhorse-partners.com\/fr\/wp-json\/wp\/v2\/comments?post=1124"}],"version-history":[{"count":5,"href":"https:\/\/blackhorse-partners.com\/fr\/wp-json\/wp\/v2\/pages\/1124\/revisions"}],"predecessor-version":[{"id":1578,"href":"https:\/\/blackhorse-partners.com\/fr\/wp-json\/wp\/v2\/pages\/1124\/revisions\/1578"}],"wp:attachment":[{"href":"https:\/\/blackhorse-partners.com\/fr\/wp-json\/wp\/v2\/media?parent=1124"}],"curies":[{"name":"wp","href":"https:\/\/api.w.org\/{rel}","templated":true}]}}