{"id":1119,"date":"2023-07-03T10:21:00","date_gmt":"2023-07-03T09:21:00","guid":{"rendered":"https:\/\/blackhorse-partners.com\/el-negocio\/"},"modified":"2023-09-27T16:55:15","modified_gmt":"2023-09-27T15:55:15","slug":"lactivite","status":"publish","type":"page","link":"https:\/\/blackhorse-partners.com\/fr\/lactivite\/","title":{"rendered":"L\u2019Activit\u00e9"},"content":{"rendered":"\n<p>Black Horse Partners con\u00e7oit et ex\u00e9cute des strat\u00e9gies d&rsquo;investissement \u00e0 valeur ajout\u00e9e et de d\u00e9veloppement tout au long des cycles immobiliers en les adaptant au profil des investisseurs et du capital.<\/p>\n","protected":false},"excerpt":{"rendered":"<p>Black Horse Partners con\u00e7oit et ex\u00e9cute des strat\u00e9gies d&rsquo;investissement \u00e0 valeur ajout\u00e9e et de d\u00e9veloppement tout au long des cycles immobiliers en les adaptant au profil des investisseurs et du &hellip;<\/p>\n","protected":false},"author":1,"featured_media":0,"parent":0,"menu_order":0,"comment_status":"closed","ping_status":"closed","template":"page-templates\/page-with-header.php","meta":{"_acf_changed":false,"footnotes":""},"class_list":["post-1119","page","type-page","status-publish","hentry"],"acf":[],"yoast_head":"<!-- This site is optimized with the Yoast SEO plugin v27.6 - https:\/\/yoast.com\/product\/yoast-seo-wordpress\/ -->\n<title>L\u2019Activit\u00e9 - Black Horse<\/title>\n<meta name=\"description\" content=\"Black Horse Partners con\u00e7oit et ex\u00e9cute des strat\u00e9gies d&#039;investissement \u00e0 valeur ajout\u00e9e et de d\u00e9veloppement tout au long des cycles immobiliers en les\" \/>\n<meta name=\"robots\" content=\"index, follow, max-snippet:-1, max-image-preview:large, max-video-preview:-1\" \/>\n<link rel=\"canonical\" href=\"https:\/\/blackhorse-partners.com\/fr\/lactivite\/\" \/>\n<meta property=\"og:locale\" content=\"fr_FR\" \/>\n<meta property=\"og:type\" content=\"article\" \/>\n<meta property=\"og:title\" content=\"L\u2019Activit\u00e9 - Black Horse\" \/>\n<meta property=\"og:description\" content=\"Black Horse Partners con\u00e7oit et ex\u00e9cute des strat\u00e9gies d&#039;investissement \u00e0 valeur ajout\u00e9e et de d\u00e9veloppement tout au long des cycles immobiliers en les\" \/>\n<meta property=\"og:url\" content=\"https:\/\/blackhorse-partners.com\/fr\/lactivite\/\" \/>\n<meta property=\"og:site_name\" content=\"Black Horse\" \/>\n<meta property=\"article:modified_time\" content=\"2023-09-27T15:55:15+00:00\" \/>\n<meta name=\"twitter:card\" content=\"summary_large_image\" \/>\n<meta name=\"twitter:label1\" content=\"Dur\u00e9e de lecture estim\u00e9e\" \/>\n\t<meta name=\"twitter:data1\" content=\"1 minute\" \/>\n<script type=\"application\/ld+json\" class=\"yoast-schema-graph\">{\"@context\":\"https:\\\/\\\/schema.org\",\"@graph\":[{\"@type\":\"WebPage\",\"@id\":\"https:\\\/\\\/blackhorse-partners.com\\\/fr\\\/lactivite\\\/\",\"url\":\"https:\\\/\\\/blackhorse-partners.com\\\/fr\\\/lactivite\\\/\",\"name\":\"L\u2019Activit\u00e9 - Black Horse\",\"isPartOf\":{\"@id\":\"https:\\\/\\\/blackhorse-partners.com\\\/fr\\\/#website\"},\"datePublished\":\"2023-07-03T09:21:00+00:00\",\"dateModified\":\"2023-09-27T15:55:15+00:00\",\"description\":\"Black Horse Partners con\u00e7oit et ex\u00e9cute des strat\u00e9gies d'investissement \u00e0 valeur ajout\u00e9e et de d\u00e9veloppement tout au long des cycles immobiliers en les\",\"breadcrumb\":{\"@id\":\"https:\\\/\\\/blackhorse-partners.com\\\/fr\\\/lactivite\\\/#breadcrumb\"},\"inLanguage\":\"fr-FR\",\"potentialAction\":[{\"@type\":\"ReadAction\",\"target\":[\"https:\\\/\\\/blackhorse-partners.com\\\/fr\\\/lactivite\\\/\"]}]},{\"@type\":\"BreadcrumbList\",\"@id\":\"https:\\\/\\\/blackhorse-partners.com\\\/fr\\\/lactivite\\\/#breadcrumb\",\"itemListElement\":[{\"@type\":\"ListItem\",\"position\":1,\"name\":\"Portada\",\"item\":\"https:\\\/\\\/blackhorse-partners.com\\\/fr\\\/\"},{\"@type\":\"ListItem\",\"position\":2,\"name\":\"L\u2019Activit\u00e9\"}]},{\"@type\":\"WebSite\",\"@id\":\"https:\\\/\\\/blackhorse-partners.com\\\/fr\\\/#website\",\"url\":\"https:\\\/\\\/blackhorse-partners.com\\\/fr\\\/\",\"name\":\"Black Horse\",\"description\":\"Smart investments for exclusive living\",\"publisher\":{\"@id\":\"https:\\\/\\\/blackhorse-partners.com\\\/fr\\\/#organization\"},\"potentialAction\":[{\"@type\":\"SearchAction\",\"target\":{\"@type\":\"EntryPoint\",\"urlTemplate\":\"https:\\\/\\\/blackhorse-partners.com\\\/fr\\\/?s={search_term_string}\"},\"query-input\":{\"@type\":\"PropertyValueSpecification\",\"valueRequired\":true,\"valueName\":\"search_term_string\"}}],\"inLanguage\":\"fr-FR\"},{\"@type\":\"Organization\",\"@id\":\"https:\\\/\\\/blackhorse-partners.com\\\/fr\\\/#organization\",\"name\":\"Black Horse\",\"url\":\"https:\\\/\\\/blackhorse-partners.com\\\/fr\\\/\",\"logo\":{\"@type\":\"ImageObject\",\"inLanguage\":\"fr-FR\",\"@id\":\"https:\\\/\\\/blackhorse-partners.com\\\/fr\\\/#\\\/schema\\\/logo\\\/image\\\/\",\"url\":\"https:\\\/\\\/blackhorse-partners.com\\\/wp-content\\\/uploads\\\/Logo_BH.png\",\"contentUrl\":\"https:\\\/\\\/blackhorse-partners.com\\\/wp-content\\\/uploads\\\/Logo_BH.png\",\"width\":113,\"height\":48,\"caption\":\"Black Horse\"},\"image\":{\"@id\":\"https:\\\/\\\/blackhorse-partners.com\\\/fr\\\/#\\\/schema\\\/logo\\\/image\\\/\"}}]}<\/script>\n<!-- \/ Yoast SEO plugin. -->","yoast_head_json":{"title":"L\u2019Activit\u00e9 - Black Horse","description":"Black Horse Partners con\u00e7oit et ex\u00e9cute des strat\u00e9gies d'investissement \u00e0 valeur ajout\u00e9e et de d\u00e9veloppement tout au long des cycles immobiliers en les","robots":{"index":"index","follow":"follow","max-snippet":"max-snippet:-1","max-image-preview":"max-image-preview:large","max-video-preview":"max-video-preview:-1"},"canonical":"https:\/\/blackhorse-partners.com\/fr\/lactivite\/","og_locale":"fr_FR","og_type":"article","og_title":"L\u2019Activit\u00e9 - Black Horse","og_description":"Black Horse Partners con\u00e7oit et ex\u00e9cute des strat\u00e9gies d'investissement \u00e0 valeur ajout\u00e9e et de d\u00e9veloppement tout au long des cycles immobiliers en les","og_url":"https:\/\/blackhorse-partners.com\/fr\/lactivite\/","og_site_name":"Black Horse","article_modified_time":"2023-09-27T15:55:15+00:00","twitter_card":"summary_large_image","twitter_misc":{"Dur\u00e9e de lecture estim\u00e9e":"1 minute"},"schema":{"@context":"https:\/\/schema.org","@graph":[{"@type":"WebPage","@id":"https:\/\/blackhorse-partners.com\/fr\/lactivite\/","url":"https:\/\/blackhorse-partners.com\/fr\/lactivite\/","name":"L\u2019Activit\u00e9 - Black Horse","isPartOf":{"@id":"https:\/\/blackhorse-partners.com\/fr\/#website"},"datePublished":"2023-07-03T09:21:00+00:00","dateModified":"2023-09-27T15:55:15+00:00","description":"Black Horse Partners con\u00e7oit et ex\u00e9cute des strat\u00e9gies d'investissement \u00e0 valeur ajout\u00e9e et de d\u00e9veloppement tout au long des cycles immobiliers en les","breadcrumb":{"@id":"https:\/\/blackhorse-partners.com\/fr\/lactivite\/#breadcrumb"},"inLanguage":"fr-FR","potentialAction":[{"@type":"ReadAction","target":["https:\/\/blackhorse-partners.com\/fr\/lactivite\/"]}]},{"@type":"BreadcrumbList","@id":"https:\/\/blackhorse-partners.com\/fr\/lactivite\/#breadcrumb","itemListElement":[{"@type":"ListItem","position":1,"name":"Portada","item":"https:\/\/blackhorse-partners.com\/fr\/"},{"@type":"ListItem","position":2,"name":"L\u2019Activit\u00e9"}]},{"@type":"WebSite","@id":"https:\/\/blackhorse-partners.com\/fr\/#website","url":"https:\/\/blackhorse-partners.com\/fr\/","name":"Black Horse","description":"Smart investments for exclusive living","publisher":{"@id":"https:\/\/blackhorse-partners.com\/fr\/#organization"},"potentialAction":[{"@type":"SearchAction","target":{"@type":"EntryPoint","urlTemplate":"https:\/\/blackhorse-partners.com\/fr\/?s={search_term_string}"},"query-input":{"@type":"PropertyValueSpecification","valueRequired":true,"valueName":"search_term_string"}}],"inLanguage":"fr-FR"},{"@type":"Organization","@id":"https:\/\/blackhorse-partners.com\/fr\/#organization","name":"Black Horse","url":"https:\/\/blackhorse-partners.com\/fr\/","logo":{"@type":"ImageObject","inLanguage":"fr-FR","@id":"https:\/\/blackhorse-partners.com\/fr\/#\/schema\/logo\/image\/","url":"https:\/\/blackhorse-partners.com\/wp-content\/uploads\/Logo_BH.png","contentUrl":"https:\/\/blackhorse-partners.com\/wp-content\/uploads\/Logo_BH.png","width":113,"height":48,"caption":"Black Horse"},"image":{"@id":"https:\/\/blackhorse-partners.com\/fr\/#\/schema\/logo\/image\/"}}]}},"_links":{"self":[{"href":"https:\/\/blackhorse-partners.com\/fr\/wp-json\/wp\/v2\/pages\/1119","targetHints":{"allow":["GET"]}}],"collection":[{"href":"https:\/\/blackhorse-partners.com\/fr\/wp-json\/wp\/v2\/pages"}],"about":[{"href":"https:\/\/blackhorse-partners.com\/fr\/wp-json\/wp\/v2\/types\/page"}],"author":[{"embeddable":true,"href":"https:\/\/blackhorse-partners.com\/fr\/wp-json\/wp\/v2\/users\/1"}],"replies":[{"embeddable":true,"href":"https:\/\/blackhorse-partners.com\/fr\/wp-json\/wp\/v2\/comments?post=1119"}],"version-history":[{"count":4,"href":"https:\/\/blackhorse-partners.com\/fr\/wp-json\/wp\/v2\/pages\/1119\/revisions"}],"predecessor-version":[{"id":1176,"href":"https:\/\/blackhorse-partners.com\/fr\/wp-json\/wp\/v2\/pages\/1119\/revisions\/1176"}],"wp:attachment":[{"href":"https:\/\/blackhorse-partners.com\/fr\/wp-json\/wp\/v2\/media?parent=1119"}],"curies":[{"name":"wp","href":"https:\/\/api.w.org\/{rel}","templated":true}]}}