{"id":1098,"date":"2023-09-27T14:34:32","date_gmt":"2023-09-27T13:34:32","guid":{"rendered":"https:\/\/blackhorse-partners.com\/cookie-policy\/"},"modified":"2023-09-27T15:27:23","modified_gmt":"2023-09-27T14:27:23","slug":"politique-cookies","status":"publish","type":"page","link":"https:\/\/blackhorse-partners.com\/fr\/politique-cookies\/","title":{"rendered":"Politique de cookies"},"content":{"rendered":"<div class=\"cli_pg_page_contaner\">\n<h2>\u00c0 propos de cette politique en mati\u00e8re de cookies.<\/h2>\n<div>Cette politique en mati\u00e8re de cookies explique ce que sont les cookies et comment nous les utilisons. Vous devez lire cette politique pour comprendre ce que sont les cookies, comment nous les utilisons, les types de cookies que nous utilisons, c&rsquo;est-\u00e0-dire les informations que nous collectons \u00e0 l&rsquo;aide des cookies et comment ces informations sont utilis\u00e9es et comment contr\u00f4ler les pr\u00e9f\u00e9rences en mati\u00e8re de cookies. Pour plus d&rsquo;informations sur la mani\u00e8re dont nous utilisons, stockons et prot\u00e9geons vos donn\u00e9es personnelles, consultez notre politique de confidentialit\u00e9. Vous pouvez \u00e0 tout moment modifier ou retirer votre consentement \u00e0 la d\u00e9claration relative aux cookies sur notre site Web.<br \/>\nEn savoir plus sur qui nous sommes, comment vous pouvez nous contacter et comment nous traitons les donn\u00e9es personnelles dans notre politique de confidentialit\u00e9.<br \/>\nVotre consentement s&rsquo;applique aux domaines suivants\u00a0: blackhorse-partners.com<br \/>\n<div class=\"wt-cli-element cli_user_consent_state\"><\/div><\/div>\n<h2>Que sont les cookies ?<\/h2>\n<div>Les cookies sont de petits fichiers texte utilis\u00e9s pour stocker de petites informations. Les cookies sont stock\u00e9s sur votre appareil lorsque le site Internet est charg\u00e9 sur votre navigateur. Ces cookies nous aident \u00e0 faire fonctionner le site Web correctement, \u00e0 le rendre plus s\u00e9curis\u00e9, \u00e0 offrir une meilleure exp\u00e9rience utilisateur, \u00e0 comprendre les performances du site Web et \u00e0 analyser ce qui fonctionne et les points \u00e0 am\u00e9liorer.<\/div>\n<h2>Comment utilisons-nous les cookies ?<\/h2>\n<div>Comme la plupart des services en ligne, notre site Web utilise des cookies propri\u00e9taires et tiers \u00e0 plusieurs fins. Les cookies de premi\u00e8re partie sont pour la plupart n\u00e9cessaires au bon fonctionnement du site Web et ils ne collectent aucune de vos donn\u00e9es personnelles identifiables. Les cookies tiers utilis\u00e9s sur nos sites Web sont principalement utilis\u00e9s pour comprendre comment le site Web fonctionne, comment vous interagir avec notre site Web, en assurant la s\u00e9curit\u00e9 de nos services, en fournissant des publicit\u00e9s pertinentes pour vous et, dans l&rsquo;ensemble, en vous offrant une exp\u00e9rience utilisateur meilleure et am\u00e9lior\u00e9e et en vous aidant \u00e0 acc\u00e9l\u00e9rer vos futures interactions avec notre site Web.<\/div>\n<h2>Quels types de cookies utilisons-nous ?<\/h2>\n<div>Les cookies utilis\u00e9s sur notre site Web sont regroup\u00e9s dans les cat\u00e9gories suivantes.<br \/>\n<div class=\"wt-cli-element cli_cookie_category_single\"><div class=\"cli_cookie_category_single\"><h5 class=\"cli_cookie_category_single_hd\">Necesarias<\/h5><div class=\"cli_cookie_category_single_description\"><p><\/p><\/div><\/div><div class=\"cli_cookie_category_single\"><h5 class=\"cli_cookie_category_single_hd\">Analytics<\/h5><div class=\"cli_cookie_category_single_description\"><p><\/p><\/div><\/div><div class=\"cli_cookie_category_single\"><h5 class=\"cli_cookie_category_single_hd\">Advertisement<\/h5><div class=\"cli_cookie_category_single_description\"><p><\/p><\/div><\/div><div class=\"cli_cookie_category_single\"><h5 class=\"cli_cookie_category_single_hd\">Publicit\u00e9<\/h5><div class=\"cli_cookie_category_single_description\"><p>Les cookies publicitaires sont utilis\u00e9s pour fournir aux visiteurs des publicit\u00e9s et des campagnes marketing pertinentes. Ces cookies suivent les visiteurs sur les sites Web et collectent des informations pour fournir des publicit\u00e9s personnalis\u00e9es.<\/p><\/div><\/div><\/div><br \/>\nLa liste ci-dessous d\u00e9taille les cookies utilis\u00e9s dans notre site Web.<br \/>\n<table class=\"wt-cli-element cookielawinfo-classic cookielawinfo-row-cat-table\"><thead><tr><th scope=\"col\" class=\"cookielawinfo-column-1\">Cookie<\/th><th scope=\"col\" class=\"cookielawinfo-column-4\">Description<\/th><\/thead><tbody><tr class=\"cookielawinfo-row-cat-title\"><th colspan=\"2\" class=\"cookielawinfo-row-cat-title-head\">Necesarias<\/th><\/tr><tr class=\"cookielawinfo-row\"><td class=\"cookielawinfo-column-1\">wpEmojiSettingsSupports<\/td><td class=\"cookielawinfo-column-4\">WordPress d\u00e9finit ce cookie lorsqu'un utilisateur interagit avec des emojis sur un site WordPress. Cela permet de d\u00e9terminer si le navigateur de l'utilisateur peut afficher correctement les emojis.<\/td><\/tr><tr class=\"cookielawinfo-row\"><td class=\"cookielawinfo-column-1\">_GRECAPTCHA<\/td><td class=\"cookielawinfo-column-4\">Le service Google Recaptcha d\u00e9finit ce cookie pour identifier les robots afin de prot\u00e9ger le site Web contre les attaques de spam malveillantes.<\/td><\/tr><tr class=\"cookielawinfo-row\"><td class=\"cookielawinfo-column-1\">cookielawinfo-checkbox-analytics<\/td><td class=\"cookielawinfo-column-4\">D\u00e9fini par le plugin GDPR Cookie Consent, ce cookie enregistre le consentement de l'utilisateur pour les cookies de la cat\u00e9gorie \u00ab Analytics \u00bb.<\/td><\/tr><tr class=\"cookielawinfo-row-cat-title\"><th colspan=\"2\" class=\"cookielawinfo-row-cat-title-head\">Analytics<\/th><\/tr><tr class=\"cookielawinfo-row\"><td class=\"cookielawinfo-column-1\">_fbp<\/td><td class=\"cookielawinfo-column-4\">Facebook d\u00e9finit ce cookie pour afficher des publicit\u00e9s sur Facebook ou sur une plateforme num\u00e9rique aliment\u00e9e par la publicit\u00e9 Facebook apr\u00e8s avoir visit\u00e9 le site Web.<\/td><\/tr><tr class=\"cookielawinfo-row-cat-title\"><th colspan=\"2\" class=\"cookielawinfo-row-cat-title-head\">Publicit\u00e9<\/th><\/tr><tr class=\"cookielawinfo-row\"><td class=\"cookielawinfo-column-1\">fr<\/td><td class=\"cookielawinfo-column-4\">Facebook d\u00e9finit ce cookie pour afficher des publicit\u00e9s pertinentes en suivant le comportement des utilisateurs sur le Web, sur les sites dot\u00e9s d'un pixel Facebook ou d'un plugin social Facebook.<\/td><\/tr><\/tbody><\/table><\/div>\n<h2>Comment puis-je contr\u00f4ler les pr\u00e9f\u00e9rences en mati\u00e8re de cookies ?<\/h2>\n<div>Vous pouvez g\u00e9rer vos pr\u00e9f\u00e9rences en mati\u00e8re de cookies en cliquant sur le bouton \u00ab\u00a0Param\u00e8tres\u00a0\u00bb et en activant ou d\u00e9sactivant les cat\u00e9gories de cookies sur la popup en fonction de vos pr\u00e9f\u00e9rences. Si vous d\u00e9cidez de modifier vos pr\u00e9f\u00e9rences ult\u00e9rieurement au cours de votre session de navigation, vous pouvez cliquer sur le Onglet \u00ab G\u00e9rer le consentement \u00bb sur votre \u00e9cran. Cela affichera \u00e0 nouveau l&rsquo;avis de consentement vous permettant de modifier vos pr\u00e9f\u00e9rences ou de retirer compl\u00e8tement votre consentement.En outre, diff\u00e9rents navigateurs proposent diff\u00e9rentes m\u00e9thodes pour bloquer et supprimer les cookies utilis\u00e9s par les sites Web. Vous pouvez modifier les param\u00e8tres de votre navigateur pour bloquer\/supprimer les cookies. Pour en savoir plus sur la gestion et la suppression des cookies, visitez wikipedia.org, www.allaboutcookies.org.<\/div>\n<\/div>\n","protected":false},"excerpt":{"rendered":"<p>\u00c0 propos de cette politique en mati\u00e8re de cookies. Cette politique en mati\u00e8re de cookies explique ce que sont les cookies et comment nous les utilisons. Vous devez lire cette &hellip;<\/p>\n","protected":false},"author":1,"featured_media":0,"parent":0,"menu_order":0,"comment_status":"closed","ping_status":"closed","template":"page-templates\/page-legal.php","meta":{"_acf_changed":false,"footnotes":""},"class_list":["post-1098","page","type-page","status-publish","hentry"],"acf":[],"yoast_head":"<!-- This site is optimized with the Yoast SEO plugin v27.2 - https:\/\/yoast.com\/product\/yoast-seo-wordpress\/ -->\n<title>Politique de cookies - Black Horse<\/title>\n<meta name=\"description\" content=\"\u00c0 propos de cette politique en mati\u00e8re de cookies. Cette politique en mati\u00e8re de cookies explique ce que sont les cookies et comment nous les utilisons.\" \/>\n<meta name=\"robots\" content=\"index, follow, max-snippet:-1, max-image-preview:large, max-video-preview:-1\" \/>\n<link rel=\"canonical\" href=\"https:\/\/blackhorse-partners.com\/fr\/politique-cookies\/\" \/>\n<meta property=\"og:locale\" content=\"fr_FR\" \/>\n<meta property=\"og:type\" content=\"article\" \/>\n<meta property=\"og:title\" content=\"Politique de cookies - Black Horse\" \/>\n<meta property=\"og:description\" content=\"\u00c0 propos de cette politique en mati\u00e8re de cookies. Cette politique en mati\u00e8re de cookies explique ce que sont les cookies et comment nous les utilisons.\" \/>\n<meta property=\"og:url\" content=\"https:\/\/blackhorse-partners.com\/fr\/politique-cookies\/\" \/>\n<meta property=\"og:site_name\" content=\"Black Horse\" \/>\n<meta property=\"article:modified_time\" content=\"2023-09-27T14:27:23+00:00\" \/>\n<meta name=\"twitter:card\" content=\"summary_large_image\" \/>\n<meta name=\"twitter:label1\" content=\"Dur\u00e9e de lecture estim\u00e9e\" \/>\n\t<meta name=\"twitter:data1\" content=\"3 minutes\" \/>\n<script type=\"application\/ld+json\" class=\"yoast-schema-graph\">{\"@context\":\"https:\/\/schema.org\",\"@graph\":[{\"@type\":\"WebPage\",\"@id\":\"https:\/\/blackhorse-partners.com\/fr\/politique-cookies\/\",\"url\":\"https:\/\/blackhorse-partners.com\/fr\/politique-cookies\/\",\"name\":\"Politique de cookies - Black Horse\",\"isPartOf\":{\"@id\":\"https:\/\/blackhorse-partners.com\/fr\/#website\"},\"datePublished\":\"2023-09-27T13:34:32+00:00\",\"dateModified\":\"2023-09-27T14:27:23+00:00\",\"description\":\"\u00c0 propos de cette politique en mati\u00e8re de cookies. Cette politique en mati\u00e8re de cookies explique ce que sont les cookies et comment nous les utilisons.\",\"breadcrumb\":{\"@id\":\"https:\/\/blackhorse-partners.com\/fr\/politique-cookies\/#breadcrumb\"},\"inLanguage\":\"fr-FR\",\"potentialAction\":[{\"@type\":\"ReadAction\",\"target\":[\"https:\/\/blackhorse-partners.com\/fr\/politique-cookies\/\"]}]},{\"@type\":\"BreadcrumbList\",\"@id\":\"https:\/\/blackhorse-partners.com\/fr\/politique-cookies\/#breadcrumb\",\"itemListElement\":[{\"@type\":\"ListItem\",\"position\":1,\"name\":\"Portada\",\"item\":\"https:\/\/blackhorse-partners.com\/fr\/\"},{\"@type\":\"ListItem\",\"position\":2,\"name\":\"Politique de cookies\"}]},{\"@type\":\"WebSite\",\"@id\":\"https:\/\/blackhorse-partners.com\/fr\/#website\",\"url\":\"https:\/\/blackhorse-partners.com\/fr\/\",\"name\":\"Black Horse\",\"description\":\"Smart investments for exclusive living\",\"publisher\":{\"@id\":\"https:\/\/blackhorse-partners.com\/fr\/#organization\"},\"potentialAction\":[{\"@type\":\"SearchAction\",\"target\":{\"@type\":\"EntryPoint\",\"urlTemplate\":\"https:\/\/blackhorse-partners.com\/fr\/?s={search_term_string}\"},\"query-input\":{\"@type\":\"PropertyValueSpecification\",\"valueRequired\":true,\"valueName\":\"search_term_string\"}}],\"inLanguage\":\"fr-FR\"},{\"@type\":\"Organization\",\"@id\":\"https:\/\/blackhorse-partners.com\/fr\/#organization\",\"name\":\"Black Horse\",\"url\":\"https:\/\/blackhorse-partners.com\/fr\/\",\"logo\":{\"@type\":\"ImageObject\",\"inLanguage\":\"fr-FR\",\"@id\":\"https:\/\/blackhorse-partners.com\/fr\/#\/schema\/logo\/image\/\",\"url\":\"https:\/\/blackhorse-partners.com\/wp-content\/uploads\/Logo_BH.png\",\"contentUrl\":\"https:\/\/blackhorse-partners.com\/wp-content\/uploads\/Logo_BH.png\",\"width\":113,\"height\":48,\"caption\":\"Black Horse\"},\"image\":{\"@id\":\"https:\/\/blackhorse-partners.com\/fr\/#\/schema\/logo\/image\/\"}}]}<\/script>\n<!-- \/ Yoast SEO plugin. -->","yoast_head_json":{"title":"Politique de cookies - Black Horse","description":"\u00c0 propos de cette politique en mati\u00e8re de cookies. Cette politique en mati\u00e8re de cookies explique ce que sont les cookies et comment nous les utilisons.","robots":{"index":"index","follow":"follow","max-snippet":"max-snippet:-1","max-image-preview":"max-image-preview:large","max-video-preview":"max-video-preview:-1"},"canonical":"https:\/\/blackhorse-partners.com\/fr\/politique-cookies\/","og_locale":"fr_FR","og_type":"article","og_title":"Politique de cookies - Black Horse","og_description":"\u00c0 propos de cette politique en mati\u00e8re de cookies. Cette politique en mati\u00e8re de cookies explique ce que sont les cookies et comment nous les utilisons.","og_url":"https:\/\/blackhorse-partners.com\/fr\/politique-cookies\/","og_site_name":"Black Horse","article_modified_time":"2023-09-27T14:27:23+00:00","twitter_card":"summary_large_image","twitter_misc":{"Dur\u00e9e de lecture estim\u00e9e":"3 minutes"},"schema":{"@context":"https:\/\/schema.org","@graph":[{"@type":"WebPage","@id":"https:\/\/blackhorse-partners.com\/fr\/politique-cookies\/","url":"https:\/\/blackhorse-partners.com\/fr\/politique-cookies\/","name":"Politique de cookies - Black Horse","isPartOf":{"@id":"https:\/\/blackhorse-partners.com\/fr\/#website"},"datePublished":"2023-09-27T13:34:32+00:00","dateModified":"2023-09-27T14:27:23+00:00","description":"\u00c0 propos de cette politique en mati\u00e8re de cookies. Cette politique en mati\u00e8re de cookies explique ce que sont les cookies et comment nous les utilisons.","breadcrumb":{"@id":"https:\/\/blackhorse-partners.com\/fr\/politique-cookies\/#breadcrumb"},"inLanguage":"fr-FR","potentialAction":[{"@type":"ReadAction","target":["https:\/\/blackhorse-partners.com\/fr\/politique-cookies\/"]}]},{"@type":"BreadcrumbList","@id":"https:\/\/blackhorse-partners.com\/fr\/politique-cookies\/#breadcrumb","itemListElement":[{"@type":"ListItem","position":1,"name":"Portada","item":"https:\/\/blackhorse-partners.com\/fr\/"},{"@type":"ListItem","position":2,"name":"Politique de cookies"}]},{"@type":"WebSite","@id":"https:\/\/blackhorse-partners.com\/fr\/#website","url":"https:\/\/blackhorse-partners.com\/fr\/","name":"Black Horse","description":"Smart investments for exclusive living","publisher":{"@id":"https:\/\/blackhorse-partners.com\/fr\/#organization"},"potentialAction":[{"@type":"SearchAction","target":{"@type":"EntryPoint","urlTemplate":"https:\/\/blackhorse-partners.com\/fr\/?s={search_term_string}"},"query-input":{"@type":"PropertyValueSpecification","valueRequired":true,"valueName":"search_term_string"}}],"inLanguage":"fr-FR"},{"@type":"Organization","@id":"https:\/\/blackhorse-partners.com\/fr\/#organization","name":"Black Horse","url":"https:\/\/blackhorse-partners.com\/fr\/","logo":{"@type":"ImageObject","inLanguage":"fr-FR","@id":"https:\/\/blackhorse-partners.com\/fr\/#\/schema\/logo\/image\/","url":"https:\/\/blackhorse-partners.com\/wp-content\/uploads\/Logo_BH.png","contentUrl":"https:\/\/blackhorse-partners.com\/wp-content\/uploads\/Logo_BH.png","width":113,"height":48,"caption":"Black Horse"},"image":{"@id":"https:\/\/blackhorse-partners.com\/fr\/#\/schema\/logo\/image\/"}}]}},"_links":{"self":[{"href":"https:\/\/blackhorse-partners.com\/fr\/wp-json\/wp\/v2\/pages\/1098","targetHints":{"allow":["GET"]}}],"collection":[{"href":"https:\/\/blackhorse-partners.com\/fr\/wp-json\/wp\/v2\/pages"}],"about":[{"href":"https:\/\/blackhorse-partners.com\/fr\/wp-json\/wp\/v2\/types\/page"}],"author":[{"embeddable":true,"href":"https:\/\/blackhorse-partners.com\/fr\/wp-json\/wp\/v2\/users\/1"}],"replies":[{"embeddable":true,"href":"https:\/\/blackhorse-partners.com\/fr\/wp-json\/wp\/v2\/comments?post=1098"}],"version-history":[{"count":6,"href":"https:\/\/blackhorse-partners.com\/fr\/wp-json\/wp\/v2\/pages\/1098\/revisions"}],"predecessor-version":[{"id":1113,"href":"https:\/\/blackhorse-partners.com\/fr\/wp-json\/wp\/v2\/pages\/1098\/revisions\/1113"}],"wp:attachment":[{"href":"https:\/\/blackhorse-partners.com\/fr\/wp-json\/wp\/v2\/media?parent=1098"}],"curies":[{"name":"wp","href":"https:\/\/api.w.org\/{rel}","templated":true}]}}