{"id":1085,"date":"2023-07-03T10:21:11","date_gmt":"2023-07-03T09:21:11","guid":{"rendered":"https:\/\/blackhorse-partners.com\/assets\/"},"modified":"2023-09-27T16:56:10","modified_gmt":"2023-09-27T15:56:10","slug":"assets","status":"publish","type":"page","link":"https:\/\/blackhorse-partners.com\/fr\/assets\/","title":{"rendered":"Real assets"},"content":{"rendered":"\n<p class=\"title-1\">Lignes de m\u00e9tier<\/p>\n<p>Nous sommes l&rsquo;une des entreprises d&rsquo;investissement immobilier les plus solides d\u2019Espagne et d\u2019Andorre. Nous cr\u00e9ons de la valeur \u00e0 long terme pour nos intervenants. Nous avons un impact positif sur les villes et la soci\u00e9t\u00e9. Nous recherchons un \u00e9quilibre entre le risque et le rendement.<\/p>\n","protected":false},"excerpt":{"rendered":"<p>Lignes de m\u00e9tier Nous sommes l&rsquo;une des entreprises d&rsquo;investissement immobilier les plus solides d\u2019Espagne et d\u2019Andorre. Nous cr\u00e9ons de la valeur \u00e0 long terme pour nos intervenants. Nous avons un &hellip;<\/p>\n","protected":false},"author":1,"featured_media":0,"parent":0,"menu_order":0,"comment_status":"closed","ping_status":"closed","template":"page-templates\/page-assets.php","meta":{"_acf_changed":false,"footnotes":""},"class_list":["post-1085","page","type-page","status-publish","hentry"],"acf":[],"yoast_head":"<!-- This site is optimized with the Yoast SEO plugin v27.2 - https:\/\/yoast.com\/product\/yoast-seo-wordpress\/ -->\n<title>Real assets - Black Horse<\/title>\n<meta name=\"description\" content=\"Lignes de m\u00e9tier Nous sommes l&#039;une des entreprises d&#039;investissement immobilier les plus solides d\u2019Espagne et d\u2019Andorre. Nous cr\u00e9ons de la valeur \u00e0 long\" \/>\n<meta name=\"robots\" content=\"index, follow, max-snippet:-1, max-image-preview:large, max-video-preview:-1\" \/>\n<link rel=\"canonical\" href=\"https:\/\/blackhorse-partners.com\/fr\/assets\/\" \/>\n<meta property=\"og:locale\" content=\"fr_FR\" \/>\n<meta property=\"og:type\" content=\"article\" \/>\n<meta property=\"og:title\" content=\"Real assets - Black Horse\" \/>\n<meta property=\"og:description\" content=\"Lignes de m\u00e9tier Nous sommes l&#039;une des entreprises d&#039;investissement immobilier les plus solides d\u2019Espagne et d\u2019Andorre. Nous cr\u00e9ons de la valeur \u00e0 long\" \/>\n<meta property=\"og:url\" content=\"https:\/\/blackhorse-partners.com\/fr\/assets\/\" \/>\n<meta property=\"og:site_name\" content=\"Black Horse\" \/>\n<meta property=\"article:modified_time\" content=\"2023-09-27T15:56:10+00:00\" \/>\n<meta name=\"twitter:card\" content=\"summary_large_image\" \/>\n<meta name=\"twitter:label1\" content=\"Dur\u00e9e de lecture estim\u00e9e\" \/>\n\t<meta name=\"twitter:data1\" content=\"1 minute\" \/>\n<script type=\"application\/ld+json\" class=\"yoast-schema-graph\">{\"@context\":\"https:\/\/schema.org\",\"@graph\":[{\"@type\":\"WebPage\",\"@id\":\"https:\/\/blackhorse-partners.com\/fr\/assets\/\",\"url\":\"https:\/\/blackhorse-partners.com\/fr\/assets\/\",\"name\":\"Real assets - Black Horse\",\"isPartOf\":{\"@id\":\"https:\/\/blackhorse-partners.com\/fr\/#website\"},\"datePublished\":\"2023-07-03T09:21:11+00:00\",\"dateModified\":\"2023-09-27T15:56:10+00:00\",\"description\":\"Lignes de m\u00e9tier Nous sommes l'une des entreprises d'investissement immobilier les plus solides d\u2019Espagne et d\u2019Andorre. Nous cr\u00e9ons de la valeur \u00e0 long\",\"breadcrumb\":{\"@id\":\"https:\/\/blackhorse-partners.com\/fr\/assets\/#breadcrumb\"},\"inLanguage\":\"fr-FR\",\"potentialAction\":[{\"@type\":\"ReadAction\",\"target\":[\"https:\/\/blackhorse-partners.com\/fr\/assets\/\"]}]},{\"@type\":\"BreadcrumbList\",\"@id\":\"https:\/\/blackhorse-partners.com\/fr\/assets\/#breadcrumb\",\"itemListElement\":[{\"@type\":\"ListItem\",\"position\":1,\"name\":\"Portada\",\"item\":\"https:\/\/blackhorse-partners.com\/fr\/\"},{\"@type\":\"ListItem\",\"position\":2,\"name\":\"Real assets\"}]},{\"@type\":\"WebSite\",\"@id\":\"https:\/\/blackhorse-partners.com\/fr\/#website\",\"url\":\"https:\/\/blackhorse-partners.com\/fr\/\",\"name\":\"Black Horse\",\"description\":\"Smart investments for exclusive living\",\"publisher\":{\"@id\":\"https:\/\/blackhorse-partners.com\/fr\/#organization\"},\"potentialAction\":[{\"@type\":\"SearchAction\",\"target\":{\"@type\":\"EntryPoint\",\"urlTemplate\":\"https:\/\/blackhorse-partners.com\/fr\/?s={search_term_string}\"},\"query-input\":{\"@type\":\"PropertyValueSpecification\",\"valueRequired\":true,\"valueName\":\"search_term_string\"}}],\"inLanguage\":\"fr-FR\"},{\"@type\":\"Organization\",\"@id\":\"https:\/\/blackhorse-partners.com\/fr\/#organization\",\"name\":\"Black Horse\",\"url\":\"https:\/\/blackhorse-partners.com\/fr\/\",\"logo\":{\"@type\":\"ImageObject\",\"inLanguage\":\"fr-FR\",\"@id\":\"https:\/\/blackhorse-partners.com\/fr\/#\/schema\/logo\/image\/\",\"url\":\"https:\/\/blackhorse-partners.com\/wp-content\/uploads\/Logo_BH.png\",\"contentUrl\":\"https:\/\/blackhorse-partners.com\/wp-content\/uploads\/Logo_BH.png\",\"width\":113,\"height\":48,\"caption\":\"Black Horse\"},\"image\":{\"@id\":\"https:\/\/blackhorse-partners.com\/fr\/#\/schema\/logo\/image\/\"}}]}<\/script>\n<!-- \/ Yoast SEO plugin. -->","yoast_head_json":{"title":"Real assets - Black Horse","description":"Lignes de m\u00e9tier Nous sommes l'une des entreprises d'investissement immobilier les plus solides d\u2019Espagne et d\u2019Andorre. Nous cr\u00e9ons de la valeur \u00e0 long","robots":{"index":"index","follow":"follow","max-snippet":"max-snippet:-1","max-image-preview":"max-image-preview:large","max-video-preview":"max-video-preview:-1"},"canonical":"https:\/\/blackhorse-partners.com\/fr\/assets\/","og_locale":"fr_FR","og_type":"article","og_title":"Real assets - Black Horse","og_description":"Lignes de m\u00e9tier Nous sommes l'une des entreprises d'investissement immobilier les plus solides d\u2019Espagne et d\u2019Andorre. Nous cr\u00e9ons de la valeur \u00e0 long","og_url":"https:\/\/blackhorse-partners.com\/fr\/assets\/","og_site_name":"Black Horse","article_modified_time":"2023-09-27T15:56:10+00:00","twitter_card":"summary_large_image","twitter_misc":{"Dur\u00e9e de lecture estim\u00e9e":"1 minute"},"schema":{"@context":"https:\/\/schema.org","@graph":[{"@type":"WebPage","@id":"https:\/\/blackhorse-partners.com\/fr\/assets\/","url":"https:\/\/blackhorse-partners.com\/fr\/assets\/","name":"Real assets - Black Horse","isPartOf":{"@id":"https:\/\/blackhorse-partners.com\/fr\/#website"},"datePublished":"2023-07-03T09:21:11+00:00","dateModified":"2023-09-27T15:56:10+00:00","description":"Lignes de m\u00e9tier Nous sommes l'une des entreprises d'investissement immobilier les plus solides d\u2019Espagne et d\u2019Andorre. Nous cr\u00e9ons de la valeur \u00e0 long","breadcrumb":{"@id":"https:\/\/blackhorse-partners.com\/fr\/assets\/#breadcrumb"},"inLanguage":"fr-FR","potentialAction":[{"@type":"ReadAction","target":["https:\/\/blackhorse-partners.com\/fr\/assets\/"]}]},{"@type":"BreadcrumbList","@id":"https:\/\/blackhorse-partners.com\/fr\/assets\/#breadcrumb","itemListElement":[{"@type":"ListItem","position":1,"name":"Portada","item":"https:\/\/blackhorse-partners.com\/fr\/"},{"@type":"ListItem","position":2,"name":"Real assets"}]},{"@type":"WebSite","@id":"https:\/\/blackhorse-partners.com\/fr\/#website","url":"https:\/\/blackhorse-partners.com\/fr\/","name":"Black Horse","description":"Smart investments for exclusive living","publisher":{"@id":"https:\/\/blackhorse-partners.com\/fr\/#organization"},"potentialAction":[{"@type":"SearchAction","target":{"@type":"EntryPoint","urlTemplate":"https:\/\/blackhorse-partners.com\/fr\/?s={search_term_string}"},"query-input":{"@type":"PropertyValueSpecification","valueRequired":true,"valueName":"search_term_string"}}],"inLanguage":"fr-FR"},{"@type":"Organization","@id":"https:\/\/blackhorse-partners.com\/fr\/#organization","name":"Black Horse","url":"https:\/\/blackhorse-partners.com\/fr\/","logo":{"@type":"ImageObject","inLanguage":"fr-FR","@id":"https:\/\/blackhorse-partners.com\/fr\/#\/schema\/logo\/image\/","url":"https:\/\/blackhorse-partners.com\/wp-content\/uploads\/Logo_BH.png","contentUrl":"https:\/\/blackhorse-partners.com\/wp-content\/uploads\/Logo_BH.png","width":113,"height":48,"caption":"Black Horse"},"image":{"@id":"https:\/\/blackhorse-partners.com\/fr\/#\/schema\/logo\/image\/"}}]}},"_links":{"self":[{"href":"https:\/\/blackhorse-partners.com\/fr\/wp-json\/wp\/v2\/pages\/1085","targetHints":{"allow":["GET"]}}],"collection":[{"href":"https:\/\/blackhorse-partners.com\/fr\/wp-json\/wp\/v2\/pages"}],"about":[{"href":"https:\/\/blackhorse-partners.com\/fr\/wp-json\/wp\/v2\/types\/page"}],"author":[{"embeddable":true,"href":"https:\/\/blackhorse-partners.com\/fr\/wp-json\/wp\/v2\/users\/1"}],"replies":[{"embeddable":true,"href":"https:\/\/blackhorse-partners.com\/fr\/wp-json\/wp\/v2\/comments?post=1085"}],"version-history":[{"count":4,"href":"https:\/\/blackhorse-partners.com\/fr\/wp-json\/wp\/v2\/pages\/1085\/revisions"}],"predecessor-version":[{"id":1177,"href":"https:\/\/blackhorse-partners.com\/fr\/wp-json\/wp\/v2\/pages\/1085\/revisions\/1177"}],"wp:attachment":[{"href":"https:\/\/blackhorse-partners.com\/fr\/wp-json\/wp\/v2\/media?parent=1085"}],"curies":[{"name":"wp","href":"https:\/\/api.w.org\/{rel}","templated":true}]}}