{"id":261,"date":"2023-07-03T10:23:06","date_gmt":"2023-07-03T10:23:06","guid":{"rendered":"http:\/\/blackhorse-partners.com\/?page_id=261"},"modified":"2023-07-25T14:07:27","modified_gmt":"2023-07-25T14:07:27","slug":"aviso-legal","status":"publish","type":"page","link":"https:\/\/blackhorse-partners.com\/es\/aviso-legal\/","title":{"rendered":"Aviso legal"},"content":{"rendered":"\n<p>BLACK HORSE PARTNERS, S.L, es una sociedad limitada y en cumplimiento del art\u00edculo 10 de la ley 34\/2002, del 11 de julio, de Servicios de la Sociedad de la Informaci\u00f3n y Comercio Electr\u00f3nico, a continuaci\u00f3n, se exponen los datos identificativos de la empresa, titular de este portal.<\/p>\n<p>\u00a0<\/p>\n<table>\n<tbody>\n<tr>\n<td>\n<p>Raz\u00f3n social<\/p>\n<\/td>\n<td colspan=\"2\">\n<p>BLACK HORSE PARTNERS, S.L<\/p>\n<\/td>\n<\/tr>\n<tr>\n<td>\n<p>Domicilio<\/p>\n<\/td>\n<td colspan=\"2\">\n<p>Passeig de Gr\u00e0cia, 79, Principal 2\u00aa, 08008 Barcelona<\/p>\n<\/td>\n<\/tr>\n<tr>\n<td>\n<p>Tel\u00e9fono<\/p>\n<\/td>\n<td>\n<p>+34 93 515 9778<\/p>\n<\/td>\n<td>\u00a0<\/td>\n<\/tr>\n<tr>\n<td>\n<p>Correo electr\u00f3nico<\/p>\n<\/td>\n<td colspan=\"2\">\n<p><a href=\"mailto:hello@blackhorse-partners.com\">hello@blackhorse-partners.com<\/a><\/p>\n<\/td>\n<\/tr>\n<tr>\n<td>\n<p>Nombre del dominio<\/p>\n<\/td>\n<td colspan=\"2\">\n<p><a href=\"http:\/\/www.blackhorse-partners.com\">www.blackhorse-partners.com<\/a><\/p>\n<\/td>\n<\/tr>\n<\/tbody>\n<\/table>\n<p>\u00a0<\/p>\n<p>El presente apartado (en adelante \u00abAviso Legal\u00bb), junto con la de Pol\u00edtica de Privacidad y de la Pol\u00edtica de Cookies, tiene como finalidad el establecer y regular las normas de acceso y de uso de este portal web puesto a disposici\u00f3n del p\u00fablico, entendiendo por \u00e9ste todas las p\u00e1ginas y sus contenidos, propiedad de la sociedad espa\u00f1ola BLACK HORSE PARTNERS, S.L., a las cuales se accede a trav\u00e9s del dominio http:\/\/www.blackhorse-partners.com\/ (en adelante, el \u201cSitio Web\u201d).<\/p>\n<p><i>Fecha de actualizaci\u00f3n: Noviembre 2021<\/i><\/p>\n<p><b>Aceptaci\u00f3n del usuario<\/b><\/p>\n<p>Toda persona que acceda a este lugar web y utilice sus servicios, o bien facilite sus datos, asume el papel de Usuario, comprometi\u00e9ndose a la observancia y cumplimiento riguroso de las disposiciones aqu\u00ed contenidas, as\u00ed como a cualquier otra disposici\u00f3n legal aplicable, a las cuales queda sujeta por su condici\u00f3n de Usuario.<\/p>\n<p>La aceptaci\u00f3n del presente documento comporta que el Usuario:<\/p>\n<ol>\n<li>a) Ha le\u00eddo, y entiende este aviso legal.<\/li>\n<li>b) Que asume, y acepta, todas las obligaciones que se disponen.<\/li>\n<\/ol>\n<p>La navegaci\u00f3n en Sitio Web implica la aceptaci\u00f3n, por parte del Usuario, de las presentes condiciones de uso.<\/p>\n<p><b>Condiciones de uso<\/b><\/p>\n<p>El \u201cSitio Web proporciona el acceso a informaciones, servicios y\/o datos (en adelante, \u201clos contenidos\u201d) en Internet pertenecientes a BLACK HORSE PARTNERS, S.L, a los cuales el Usuario puede tener acceso.<\/p>\n<p>El Usuario asume la responsabilidad del uso del portal y se compromete a leer atentamente el presente Aviso Legal en cada una de las ocasiones en que se disponga a utilizar el portal web, ya que \u00e9ste y sus condiciones de uso recogidas pueden sufrir modificaciones.<\/p>\n<p>El Usuario debe ser consciente de que la seguridad de los sistemas inform\u00e1ticos nunca puede ser absoluta.<\/p>\n<p>Pese a que BLACK HORSE PARTNERS, S.L. aplica las medidas de seguridad a su alcance, no garantiza que el Sitio Web y el servidor est\u00e9n libres de virus y no se hace responsable de los posibles da\u00f1os o perjuicios que se puedan derivar de interferencias, omisiones, interrupciones, virus inform\u00e1ticos, aver\u00edas telef\u00f3nicas o desconexiones en el funcionamiento operativo de este sistema electr\u00f3nico, motivados por causas ajenas a nosotros, de retrasos o bloqueos en el uso de este sistema electr\u00f3nico causados por deficiencias o sobrecargas de l\u00edneas telef\u00f3nicas o sobrecargas en el sistema de Internet o en otros sistemas electr\u00f3nicos, as\u00ed como tambi\u00e9n de da\u00f1os que puedan ser causados por terceras personas mediante intromisiones ileg\u00edtimas fuera del control de nuestra empresa.<\/p>\n<p>BLACK HORSE PARTNERS, S.L se reserva el derecho a realizar cambios en el lugar web sin previo aviso, con objeto de mantener actualizada su informaci\u00f3n, a\u00f1adiendo, modificando, corrigiendo o eliminando los contenidos publicados o el dise\u00f1o del portal.<\/p>\n<p><b>Propiedad intelectual e industrial<\/b><\/p>\n<p>Este Sitio Web y todos sus contenidos, incluidos los textos, los documentos, las fotograf\u00edas, los dibujos, las representaciones gr\u00e1ficas, las bases de datos, los programas inform\u00e1ticos, as\u00ed como los logotipos, las marcas, los nombres comerciales y otros signos distintivos, son propiedad de BLACK HORSE PARTNERS, S.L., o de terceros que lo han autorizado para su uso.<\/p>\n<p>Independientemente de la finalidad para la que fueran destinados los mencionados contenidos, su reproducci\u00f3n total o parcial, uso, explotaci\u00f3n, distribuci\u00f3n y comercializaci\u00f3n, requiere de la autorizaci\u00f3n escrita previa por parte de BLACK HORSE PARTNERS, S.L.<\/p>\n<p>Cualquier uso no autorizado previamente, por parte de BLACK HORSE PARTNERS, S.L., ser\u00e1 considerado un incumplimiento grave de los derechos de propiedad intelectual o industrial del autor, as\u00ed como el derecho a la intimidad y la propia imagen de las personas que puedan aparecer.<\/p>\n<p>Los dise\u00f1os, logotipos, texto, fotograf\u00edas y\/o gr\u00e1ficos, ajenos a BLACK HORSE PARTNERS, S.L. y que pudieran aparecer en la p\u00e1gina web, pertenecen a sus respectivos propietarios siendo, ellos mismos, responsables de cualquier posible controversia que se pudiera suscitar al respecto. En todo caso, BLACK HORSE PARTNERS, S.L. cuenta con la autorizaci\u00f3n expresa y previa, por parte de los autores, para su publicaci\u00f3n.<\/p>\n<p>Para realizar cualquier tipo de observaci\u00f3n o comentario, respecto a posibles incumplimientos de los derechos de propiedad intelectual o industrial, as\u00ed como sobre cualquier de los contenidos del lugar web, puede hacerlo a trav\u00e9s del siguiente correo electr\u00f3nico <a href=\"mailto:hello@blackhorse-partners.com\">hello@blackhorse-partners.com<\/a>.<\/p>\n<p><b>R\u00e9gimen de responsabilidad<\/b><\/p>\n<p>Este Sitio Web contiene materiales con fines \u00fanicamente informativos. No obstante, pese de tomar las medidas razonables para asegurar que dicha informaci\u00f3n no es err\u00f3nea o equ\u00edvoca, y no se garantiza que sea exacta, ni asume responsabilidad alguna sobre la certeza de la informaci\u00f3n y\/o contenidos. El Usuario debe confirmar que est\u00e1 utilizando las p\u00e1ginas m\u00e1s actualizadas de este Sitio Web, y confirmar que la informaci\u00f3n sea precisa y completa antes de utilizarla para tomar decisiones relacionadas con servicios, productos u otros asuntos descritos en este Sitio Web.<\/p>\n<p>BLACK HORSE PARTNERS, S.L. no es responsable de los da\u00f1os o perjuicios, de cualquier naturaleza, que puedan derivarse de la incorrecta, ileg\u00edtima o il\u00edcita utilizaci\u00f3n, que se haga del lugar web o de los contenidos que se ofrecen. Por lo que declina cualquier tipo de responsabilidad derivada de la informaci\u00f3n publicada en su p\u00e1gina web, siempre que esta informaci\u00f3n haya sido manipulada o introducida por un tercero ajeno al mismo.<\/p>\n<p>Tampoco responde por la legalidad de portales web de terceros, que pudieran estar vinculados o enlazados desde este Sitio Web.<\/p>\n<p>BLACK HORSE PARTNERS, S.L. no garantiza la disponibilidad y continuidad del funcionamiento del Sitio Web y de sus servicios. Cuando sea razonablemente posible, se advertir\u00e1 previamente de las interrupciones en el funcionamiento de la web y de los servicios.<\/p>\n<p><b>Derecho de exclusi\u00f3n<\/b><\/p>\n<p>BLACK HORSE PARTNERS, S.L. se reserva el derecho de impedir a el Usuario el acceso y uso de los servicios de sus portales web, en cualquier momento y sin aviso previo, a instancia propia o de terceras personas en caso de incumplimiento de este aviso legal y en caso de actos contrarios a la ley, la moral, las buenas costumbres generalmente aceptados, y el orden p\u00fablico.<\/p>\n<p>Los usuarios podr\u00e1n publicar sus opiniones y comentarios as\u00ed como publicar otros contenidos, enviar comunicaciones, sugerencias, ideas, comentarios, preguntas u otra informaci\u00f3n, siempre que el contenido de las mismas no resulte il\u00edcito, obsceno, abusivo, constituya un supuesto de amenaza o difamaci\u00f3n, o invada la privacidad de terceros, infrinja derechos de propiedad intelectual o de cualquier otra forma resulte ofensivo para terceros o censurable, ni consista en o contenga virus inform\u00e1ticos, propaganda pol\u00edtica o contenido publicitario, correos en cadena, env\u00edo masivo de correos o constituya cualquier otro tipo de \u00abspam\u00bb.<\/p>\n<p>BLACK HORSE PARTNERS, S.L. podr\u00e1 impedir la publicaci\u00f3n de un determinado contenido, o eliminarlo del portal, en caso de que considere que puede existir alguna vulneraci\u00f3n de la legalidad vigente, de los derechos de terceros o recibiera alguna comunicaci\u00f3n, en este sentido.<\/p>\n<p>El Usuario que proporciona los datos es responsable de la veracidad de los mismos y garantizas que los datos e informaci\u00f3n facilitada es real y actualizada y, adem\u00e1s, de pertenecerlos a ellos y no a terceras personas. No est\u00e1 permitido el uso de direcciones de correo falsas, ni suplantar la identidad de otra persona o entidad, ni falsear de cualquier otro modo el origen de cualquier otro contenido.<\/p>\n<p><b>Tratamiento de datos personales<\/b><\/p>\n<p>El Sitio Web puede ser visitado por cualquier Usuario de forma libre. BLACK HORSE PARTNERS, S.L. dar\u00e1 cumplimiento a la normativa vigente en materia de Protecci\u00f3n de Datos de Car\u00e1cter Personal y adoptar\u00e1 las medidas legalmente exigibles para la protecci\u00f3n de los datos de car\u00e1cter personal del usuario, preservando su privacidad y confidencialidad.<\/p>\n<p>Puede consultar todo el detalle del tratamiento de los datos personales recabados en nuestra \u00e1rea de Pol\u00edtica de Privacidad. Asimismo, en el Sitio Web se podr\u00edan utilizar cookies de distinta \u00edndole. Para m\u00e1s detalle, consulte nuestra Pol\u00edtica de Cookies.<\/p>\n<p><b>Menores de edad<\/b><\/p>\n<p>Los Servicios y productos de BLACK HORSE PARTNERS, S.L. no se dirigen a menores de edad. No obstante, en el supuesto que algunos de nuestros servicios vayan focalizado espec\u00edficamente a menores de edad, se solicitar\u00e1 la conformidad de los padres o tutores para la recogida de los datos personales o, en su caso, para el tratamiento de los datos informando.<\/p>\n<p>Del mismo modo, para contratar nuestros servicios en nombre y representaci\u00f3n de una persona jur\u00eddica, el usuario deber\u00e1 ser mayor de edad, tener plena capacidad legal de obrar y disponer de capacidad y legitimaci\u00f3n suficiente para vincular a dicha persona jur\u00eddica.<\/p>\n<p><b>Validez de la informaci\u00f3n<\/b><\/p>\n<p>BLACK HORSE PARTNERS, S.L., se reserva el derecho a modificar cualquier tipo de informaci\u00f3n que pudiera aparecer en la p\u00e1gina web, sin que exista ninguna obligaci\u00f3n de preavisar o informar a los usuarios, de las mencionadas modificaciones, entendi\u00e9ndose c\u00f3mo suficiente, la publicaci\u00f3n en el Sitio Web.<\/p>\n<p>Este Aviso Legal tendr\u00e1 un periodo de validez indefinido o, en todo caso, ser\u00e1 v\u00e1lido hasta que se modifique y publique la nueva versi\u00f3n.<\/p>\n<p><b>Legislaci\u00f3n aplicable y competencia judicial<\/b><\/p>\n<p>BLACK HORSE PARTNERS, S.L. perseguir\u00e1 el incumplimiento de las presentes condiciones, as\u00ed como cualquier utilizaci\u00f3n indebida de su portal ejerciendo todas las acciones civiles y penales que le puedan corresponder en derecho.<\/p>\n<p>Cualquier controversia surgida en la interpretaci\u00f3n o la ejecuci\u00f3n de este Aviso Legal, as\u00ed como cualquier cuesti\u00f3n relacionada con los servicios del presente Sitio Web, se interpretar\u00e1 a partir de la legislaci\u00f3n espa\u00f1ola vigente.<\/p>\n<p>Si ninguna normativa no lo impidiera, las partes renuncian a cualquier otra jurisdicci\u00f3n y se someten a la de los juzgados y tribunales del domicilio de BLACK HORSE PARTNERS, S.L. para cualquier controversia que se pudiera acontecer. En el supuesto de que el usuario tenga su domicilio fuera de Espa\u00f1a, BLACK HORSE PARTNERS, S.L. y el usuario se someten a los juzgados y tribunales de la ciudad del domicilio social de BLACK HORSE PARTNERS, S.L.<\/p>\n","protected":false},"excerpt":{"rendered":"<p>BLACK HORSE PARTNERS, S.L, es una sociedad limitada y en cumplimiento del art\u00edculo 10 de la ley 34\/2002, del 11 de julio, de Servicios de la Sociedad de la Informaci\u00f3n &hellip;<\/p>\n","protected":false},"author":1,"featured_media":0,"parent":0,"menu_order":0,"comment_status":"closed","ping_status":"closed","template":"page-templates\/page-legal.php","meta":{"_acf_changed":false,"footnotes":""},"class_list":["post-261","page","type-page","status-publish","hentry"],"acf":[],"yoast_head":"<!-- This site is optimized with the Yoast SEO plugin v27.4 - https:\/\/yoast.com\/product\/yoast-seo-wordpress\/ -->\n<title>Aviso legal - Black Horse<\/title>\n<meta name=\"description\" content=\"BLACK HORSE PARTNERS, S.L, es una sociedad limitada y en cumplimiento del art\u00edculo 10 de la ley 34\/2002, del 11 de julio, de Servicios de la Sociedad de\" \/>\n<meta name=\"robots\" content=\"index, follow, max-snippet:-1, max-image-preview:large, max-video-preview:-1\" \/>\n<link rel=\"canonical\" href=\"https:\/\/blackhorse-partners.com\/es\/aviso-legal\/\" \/>\n<meta property=\"og:locale\" content=\"es_ES\" \/>\n<meta property=\"og:type\" content=\"article\" \/>\n<meta property=\"og:title\" content=\"Aviso legal - Black Horse\" \/>\n<meta property=\"og:description\" content=\"BLACK HORSE PARTNERS, S.L, es una sociedad limitada y en cumplimiento del art\u00edculo 10 de la ley 34\/2002, del 11 de julio, de Servicios de la Sociedad de\" \/>\n<meta property=\"og:url\" content=\"https:\/\/blackhorse-partners.com\/es\/aviso-legal\/\" \/>\n<meta property=\"og:site_name\" content=\"Black Horse\" \/>\n<meta property=\"article:modified_time\" content=\"2023-07-25T14:07:27+00:00\" \/>\n<meta name=\"twitter:card\" content=\"summary_large_image\" \/>\n<meta name=\"twitter:label1\" content=\"Tiempo de lectura\" \/>\n\t<meta name=\"twitter:data1\" content=\"8 minutos\" \/>\n<script type=\"application\/ld+json\" class=\"yoast-schema-graph\">{\"@context\":\"https:\\\/\\\/schema.org\",\"@graph\":[{\"@type\":\"WebPage\",\"@id\":\"https:\\\/\\\/blackhorse-partners.com\\\/es\\\/aviso-legal\\\/\",\"url\":\"https:\\\/\\\/blackhorse-partners.com\\\/es\\\/aviso-legal\\\/\",\"name\":\"Aviso legal - Black Horse\",\"isPartOf\":{\"@id\":\"https:\\\/\\\/blackhorse-partners.com\\\/es\\\/#website\"},\"datePublished\":\"2023-07-03T10:23:06+00:00\",\"dateModified\":\"2023-07-25T14:07:27+00:00\",\"description\":\"BLACK HORSE PARTNERS, S.L, es una sociedad limitada y en cumplimiento del art\u00edculo 10 de la ley 34\\\/2002, del 11 de julio, de Servicios de la Sociedad de\",\"breadcrumb\":{\"@id\":\"https:\\\/\\\/blackhorse-partners.com\\\/es\\\/aviso-legal\\\/#breadcrumb\"},\"inLanguage\":\"es\",\"potentialAction\":[{\"@type\":\"ReadAction\",\"target\":[\"https:\\\/\\\/blackhorse-partners.com\\\/es\\\/aviso-legal\\\/\"]}]},{\"@type\":\"BreadcrumbList\",\"@id\":\"https:\\\/\\\/blackhorse-partners.com\\\/es\\\/aviso-legal\\\/#breadcrumb\",\"itemListElement\":[{\"@type\":\"ListItem\",\"position\":1,\"name\":\"Portada\",\"item\":\"https:\\\/\\\/blackhorse-partners.com\\\/es\\\/\"},{\"@type\":\"ListItem\",\"position\":2,\"name\":\"Aviso legal\"}]},{\"@type\":\"WebSite\",\"@id\":\"https:\\\/\\\/blackhorse-partners.com\\\/es\\\/#website\",\"url\":\"https:\\\/\\\/blackhorse-partners.com\\\/es\\\/\",\"name\":\"Black Horse\",\"description\":\"Smart investments for exclusive living\",\"publisher\":{\"@id\":\"https:\\\/\\\/blackhorse-partners.com\\\/es\\\/#organization\"},\"potentialAction\":[{\"@type\":\"SearchAction\",\"target\":{\"@type\":\"EntryPoint\",\"urlTemplate\":\"https:\\\/\\\/blackhorse-partners.com\\\/es\\\/?s={search_term_string}\"},\"query-input\":{\"@type\":\"PropertyValueSpecification\",\"valueRequired\":true,\"valueName\":\"search_term_string\"}}],\"inLanguage\":\"es\"},{\"@type\":\"Organization\",\"@id\":\"https:\\\/\\\/blackhorse-partners.com\\\/es\\\/#organization\",\"name\":\"Black Horse\",\"url\":\"https:\\\/\\\/blackhorse-partners.com\\\/es\\\/\",\"logo\":{\"@type\":\"ImageObject\",\"inLanguage\":\"es\",\"@id\":\"https:\\\/\\\/blackhorse-partners.com\\\/es\\\/#\\\/schema\\\/logo\\\/image\\\/\",\"url\":\"https:\\\/\\\/blackhorse-partners.com\\\/wp-content\\\/uploads\\\/Logo_BH.png\",\"contentUrl\":\"https:\\\/\\\/blackhorse-partners.com\\\/wp-content\\\/uploads\\\/Logo_BH.png\",\"width\":113,\"height\":48,\"caption\":\"Black Horse\"},\"image\":{\"@id\":\"https:\\\/\\\/blackhorse-partners.com\\\/es\\\/#\\\/schema\\\/logo\\\/image\\\/\"}}]}<\/script>\n<!-- \/ Yoast SEO plugin. -->","yoast_head_json":{"title":"Aviso legal - Black Horse","description":"BLACK HORSE PARTNERS, S.L, es una sociedad limitada y en cumplimiento del art\u00edculo 10 de la ley 34\/2002, del 11 de julio, de Servicios de la Sociedad de","robots":{"index":"index","follow":"follow","max-snippet":"max-snippet:-1","max-image-preview":"max-image-preview:large","max-video-preview":"max-video-preview:-1"},"canonical":"https:\/\/blackhorse-partners.com\/es\/aviso-legal\/","og_locale":"es_ES","og_type":"article","og_title":"Aviso legal - Black Horse","og_description":"BLACK HORSE PARTNERS, S.L, es una sociedad limitada y en cumplimiento del art\u00edculo 10 de la ley 34\/2002, del 11 de julio, de Servicios de la Sociedad de","og_url":"https:\/\/blackhorse-partners.com\/es\/aviso-legal\/","og_site_name":"Black Horse","article_modified_time":"2023-07-25T14:07:27+00:00","twitter_card":"summary_large_image","twitter_misc":{"Tiempo de lectura":"8 minutos"},"schema":{"@context":"https:\/\/schema.org","@graph":[{"@type":"WebPage","@id":"https:\/\/blackhorse-partners.com\/es\/aviso-legal\/","url":"https:\/\/blackhorse-partners.com\/es\/aviso-legal\/","name":"Aviso legal - Black Horse","isPartOf":{"@id":"https:\/\/blackhorse-partners.com\/es\/#website"},"datePublished":"2023-07-03T10:23:06+00:00","dateModified":"2023-07-25T14:07:27+00:00","description":"BLACK HORSE PARTNERS, S.L, es una sociedad limitada y en cumplimiento del art\u00edculo 10 de la ley 34\/2002, del 11 de julio, de Servicios de la Sociedad de","breadcrumb":{"@id":"https:\/\/blackhorse-partners.com\/es\/aviso-legal\/#breadcrumb"},"inLanguage":"es","potentialAction":[{"@type":"ReadAction","target":["https:\/\/blackhorse-partners.com\/es\/aviso-legal\/"]}]},{"@type":"BreadcrumbList","@id":"https:\/\/blackhorse-partners.com\/es\/aviso-legal\/#breadcrumb","itemListElement":[{"@type":"ListItem","position":1,"name":"Portada","item":"https:\/\/blackhorse-partners.com\/es\/"},{"@type":"ListItem","position":2,"name":"Aviso legal"}]},{"@type":"WebSite","@id":"https:\/\/blackhorse-partners.com\/es\/#website","url":"https:\/\/blackhorse-partners.com\/es\/","name":"Black Horse","description":"Smart investments for exclusive living","publisher":{"@id":"https:\/\/blackhorse-partners.com\/es\/#organization"},"potentialAction":[{"@type":"SearchAction","target":{"@type":"EntryPoint","urlTemplate":"https:\/\/blackhorse-partners.com\/es\/?s={search_term_string}"},"query-input":{"@type":"PropertyValueSpecification","valueRequired":true,"valueName":"search_term_string"}}],"inLanguage":"es"},{"@type":"Organization","@id":"https:\/\/blackhorse-partners.com\/es\/#organization","name":"Black Horse","url":"https:\/\/blackhorse-partners.com\/es\/","logo":{"@type":"ImageObject","inLanguage":"es","@id":"https:\/\/blackhorse-partners.com\/es\/#\/schema\/logo\/image\/","url":"https:\/\/blackhorse-partners.com\/wp-content\/uploads\/Logo_BH.png","contentUrl":"https:\/\/blackhorse-partners.com\/wp-content\/uploads\/Logo_BH.png","width":113,"height":48,"caption":"Black Horse"},"image":{"@id":"https:\/\/blackhorse-partners.com\/es\/#\/schema\/logo\/image\/"}}]}},"_links":{"self":[{"href":"https:\/\/blackhorse-partners.com\/es\/wp-json\/wp\/v2\/pages\/261","targetHints":{"allow":["GET"]}}],"collection":[{"href":"https:\/\/blackhorse-partners.com\/es\/wp-json\/wp\/v2\/pages"}],"about":[{"href":"https:\/\/blackhorse-partners.com\/es\/wp-json\/wp\/v2\/types\/page"}],"author":[{"embeddable":true,"href":"https:\/\/blackhorse-partners.com\/es\/wp-json\/wp\/v2\/users\/1"}],"replies":[{"embeddable":true,"href":"https:\/\/blackhorse-partners.com\/es\/wp-json\/wp\/v2\/comments?post=261"}],"version-history":[{"count":0,"href":"https:\/\/blackhorse-partners.com\/es\/wp-json\/wp\/v2\/pages\/261\/revisions"}],"wp:attachment":[{"href":"https:\/\/blackhorse-partners.com\/es\/wp-json\/wp\/v2\/media?parent=261"}],"curies":[{"name":"wp","href":"https:\/\/api.w.org\/{rel}","templated":true}]}}