{"id":248,"date":"2023-07-03T10:20:48","date_gmt":"2023-07-03T10:20:48","guid":{"rendered":"http:\/\/blackhorse-partners.com\/?page_id=248"},"modified":"2024-03-14T09:09:23","modified_gmt":"2024-03-14T08:09:23","slug":"la-compania","status":"publish","type":"page","link":"https:\/\/blackhorse-partners.com\/es\/la-compania\/","title":{"rendered":"La compa\u00f1\u00eda"},"content":{"rendered":"\n<p>Boutique financiera que invierte, desarrolla y gestiona activos inmobiliarios en Espa\u00f1a y Andorra.<\/p>\n<p>Nuestras inversiones est\u00e1n respaldadas por un grupo de inversores privados y family offices comprometidos, que aportan capital permanentemente para nuestros diferentes veh\u00edculos de inversi\u00f3n, mandatos individuales y club deals.<\/p>\n","protected":false},"excerpt":{"rendered":"<p>Boutique financiera que invierte, desarrolla y gestiona activos inmobiliarios en Espa\u00f1a y Andorra. Nuestras inversiones est\u00e1n respaldadas por un grupo de inversores privados y family offices comprometidos, que aportan capital &hellip;<\/p>\n","protected":false},"author":1,"featured_media":0,"parent":0,"menu_order":0,"comment_status":"closed","ping_status":"closed","template":"page-templates\/page-with-header.php","meta":{"_acf_changed":false,"footnotes":""},"class_list":["post-248","page","type-page","status-publish","hentry"],"acf":[],"yoast_head":"<!-- This site is optimized with the Yoast SEO plugin v27.4 - https:\/\/yoast.com\/product\/yoast-seo-wordpress\/ -->\n<title>La compa\u00f1\u00eda - Black Horse<\/title>\n<meta name=\"description\" content=\"Boutique financiera que invierte, desarrolla y gestiona activos inmobiliarios en Espa\u00f1a y Andorra. Nuestras inversiones est\u00e1n respaldadas por un grupo de\" \/>\n<meta name=\"robots\" content=\"index, follow, max-snippet:-1, max-image-preview:large, max-video-preview:-1\" \/>\n<link rel=\"canonical\" href=\"https:\/\/blackhorse-partners.com\/es\/la-compania\/\" \/>\n<meta property=\"og:locale\" content=\"es_ES\" \/>\n<meta property=\"og:type\" content=\"article\" \/>\n<meta property=\"og:title\" content=\"La compa\u00f1\u00eda - Black Horse\" \/>\n<meta property=\"og:description\" content=\"Boutique financiera que invierte, desarrolla y gestiona activos inmobiliarios en Espa\u00f1a y Andorra. Nuestras inversiones est\u00e1n respaldadas por un grupo de\" \/>\n<meta property=\"og:url\" content=\"https:\/\/blackhorse-partners.com\/es\/la-compania\/\" \/>\n<meta property=\"og:site_name\" content=\"Black Horse\" \/>\n<meta property=\"article:modified_time\" content=\"2024-03-14T08:09:23+00:00\" \/>\n<meta name=\"twitter:card\" content=\"summary_large_image\" \/>\n<meta name=\"twitter:label1\" content=\"Tiempo de lectura\" \/>\n\t<meta name=\"twitter:data1\" content=\"1 minuto\" \/>\n<script type=\"application\/ld+json\" class=\"yoast-schema-graph\">{\"@context\":\"https:\\\/\\\/schema.org\",\"@graph\":[{\"@type\":\"WebPage\",\"@id\":\"https:\\\/\\\/blackhorse-partners.com\\\/es\\\/la-compania\\\/\",\"url\":\"https:\\\/\\\/blackhorse-partners.com\\\/es\\\/la-compania\\\/\",\"name\":\"La compa\u00f1\u00eda - Black Horse\",\"isPartOf\":{\"@id\":\"https:\\\/\\\/blackhorse-partners.com\\\/es\\\/#website\"},\"datePublished\":\"2023-07-03T10:20:48+00:00\",\"dateModified\":\"2024-03-14T08:09:23+00:00\",\"description\":\"Boutique financiera que invierte, desarrolla y gestiona activos inmobiliarios en Espa\u00f1a y Andorra. Nuestras inversiones est\u00e1n respaldadas por un grupo de\",\"breadcrumb\":{\"@id\":\"https:\\\/\\\/blackhorse-partners.com\\\/es\\\/la-compania\\\/#breadcrumb\"},\"inLanguage\":\"es\",\"potentialAction\":[{\"@type\":\"ReadAction\",\"target\":[\"https:\\\/\\\/blackhorse-partners.com\\\/es\\\/la-compania\\\/\"]}]},{\"@type\":\"BreadcrumbList\",\"@id\":\"https:\\\/\\\/blackhorse-partners.com\\\/es\\\/la-compania\\\/#breadcrumb\",\"itemListElement\":[{\"@type\":\"ListItem\",\"position\":1,\"name\":\"Portada\",\"item\":\"https:\\\/\\\/blackhorse-partners.com\\\/es\\\/\"},{\"@type\":\"ListItem\",\"position\":2,\"name\":\"La compa\u00f1\u00eda\"}]},{\"@type\":\"WebSite\",\"@id\":\"https:\\\/\\\/blackhorse-partners.com\\\/es\\\/#website\",\"url\":\"https:\\\/\\\/blackhorse-partners.com\\\/es\\\/\",\"name\":\"Black Horse\",\"description\":\"Smart investments for exclusive living\",\"publisher\":{\"@id\":\"https:\\\/\\\/blackhorse-partners.com\\\/es\\\/#organization\"},\"potentialAction\":[{\"@type\":\"SearchAction\",\"target\":{\"@type\":\"EntryPoint\",\"urlTemplate\":\"https:\\\/\\\/blackhorse-partners.com\\\/es\\\/?s={search_term_string}\"},\"query-input\":{\"@type\":\"PropertyValueSpecification\",\"valueRequired\":true,\"valueName\":\"search_term_string\"}}],\"inLanguage\":\"es\"},{\"@type\":\"Organization\",\"@id\":\"https:\\\/\\\/blackhorse-partners.com\\\/es\\\/#organization\",\"name\":\"Black Horse\",\"url\":\"https:\\\/\\\/blackhorse-partners.com\\\/es\\\/\",\"logo\":{\"@type\":\"ImageObject\",\"inLanguage\":\"es\",\"@id\":\"https:\\\/\\\/blackhorse-partners.com\\\/es\\\/#\\\/schema\\\/logo\\\/image\\\/\",\"url\":\"https:\\\/\\\/blackhorse-partners.com\\\/wp-content\\\/uploads\\\/Logo_BH.png\",\"contentUrl\":\"https:\\\/\\\/blackhorse-partners.com\\\/wp-content\\\/uploads\\\/Logo_BH.png\",\"width\":113,\"height\":48,\"caption\":\"Black Horse\"},\"image\":{\"@id\":\"https:\\\/\\\/blackhorse-partners.com\\\/es\\\/#\\\/schema\\\/logo\\\/image\\\/\"}}]}<\/script>\n<!-- \/ Yoast SEO plugin. -->","yoast_head_json":{"title":"La compa\u00f1\u00eda - Black Horse","description":"Boutique financiera que invierte, desarrolla y gestiona activos inmobiliarios en Espa\u00f1a y Andorra. Nuestras inversiones est\u00e1n respaldadas por un grupo de","robots":{"index":"index","follow":"follow","max-snippet":"max-snippet:-1","max-image-preview":"max-image-preview:large","max-video-preview":"max-video-preview:-1"},"canonical":"https:\/\/blackhorse-partners.com\/es\/la-compania\/","og_locale":"es_ES","og_type":"article","og_title":"La compa\u00f1\u00eda - Black Horse","og_description":"Boutique financiera que invierte, desarrolla y gestiona activos inmobiliarios en Espa\u00f1a y Andorra. Nuestras inversiones est\u00e1n respaldadas por un grupo de","og_url":"https:\/\/blackhorse-partners.com\/es\/la-compania\/","og_site_name":"Black Horse","article_modified_time":"2024-03-14T08:09:23+00:00","twitter_card":"summary_large_image","twitter_misc":{"Tiempo de lectura":"1 minuto"},"schema":{"@context":"https:\/\/schema.org","@graph":[{"@type":"WebPage","@id":"https:\/\/blackhorse-partners.com\/es\/la-compania\/","url":"https:\/\/blackhorse-partners.com\/es\/la-compania\/","name":"La compa\u00f1\u00eda - Black Horse","isPartOf":{"@id":"https:\/\/blackhorse-partners.com\/es\/#website"},"datePublished":"2023-07-03T10:20:48+00:00","dateModified":"2024-03-14T08:09:23+00:00","description":"Boutique financiera que invierte, desarrolla y gestiona activos inmobiliarios en Espa\u00f1a y Andorra. Nuestras inversiones est\u00e1n respaldadas por un grupo de","breadcrumb":{"@id":"https:\/\/blackhorse-partners.com\/es\/la-compania\/#breadcrumb"},"inLanguage":"es","potentialAction":[{"@type":"ReadAction","target":["https:\/\/blackhorse-partners.com\/es\/la-compania\/"]}]},{"@type":"BreadcrumbList","@id":"https:\/\/blackhorse-partners.com\/es\/la-compania\/#breadcrumb","itemListElement":[{"@type":"ListItem","position":1,"name":"Portada","item":"https:\/\/blackhorse-partners.com\/es\/"},{"@type":"ListItem","position":2,"name":"La compa\u00f1\u00eda"}]},{"@type":"WebSite","@id":"https:\/\/blackhorse-partners.com\/es\/#website","url":"https:\/\/blackhorse-partners.com\/es\/","name":"Black Horse","description":"Smart investments for exclusive living","publisher":{"@id":"https:\/\/blackhorse-partners.com\/es\/#organization"},"potentialAction":[{"@type":"SearchAction","target":{"@type":"EntryPoint","urlTemplate":"https:\/\/blackhorse-partners.com\/es\/?s={search_term_string}"},"query-input":{"@type":"PropertyValueSpecification","valueRequired":true,"valueName":"search_term_string"}}],"inLanguage":"es"},{"@type":"Organization","@id":"https:\/\/blackhorse-partners.com\/es\/#organization","name":"Black Horse","url":"https:\/\/blackhorse-partners.com\/es\/","logo":{"@type":"ImageObject","inLanguage":"es","@id":"https:\/\/blackhorse-partners.com\/es\/#\/schema\/logo\/image\/","url":"https:\/\/blackhorse-partners.com\/wp-content\/uploads\/Logo_BH.png","contentUrl":"https:\/\/blackhorse-partners.com\/wp-content\/uploads\/Logo_BH.png","width":113,"height":48,"caption":"Black Horse"},"image":{"@id":"https:\/\/blackhorse-partners.com\/es\/#\/schema\/logo\/image\/"}}]}},"_links":{"self":[{"href":"https:\/\/blackhorse-partners.com\/es\/wp-json\/wp\/v2\/pages\/248","targetHints":{"allow":["GET"]}}],"collection":[{"href":"https:\/\/blackhorse-partners.com\/es\/wp-json\/wp\/v2\/pages"}],"about":[{"href":"https:\/\/blackhorse-partners.com\/es\/wp-json\/wp\/v2\/types\/page"}],"author":[{"embeddable":true,"href":"https:\/\/blackhorse-partners.com\/es\/wp-json\/wp\/v2\/users\/1"}],"replies":[{"embeddable":true,"href":"https:\/\/blackhorse-partners.com\/es\/wp-json\/wp\/v2\/comments?post=248"}],"version-history":[{"count":6,"href":"https:\/\/blackhorse-partners.com\/es\/wp-json\/wp\/v2\/pages\/248\/revisions"}],"predecessor-version":[{"id":1572,"href":"https:\/\/blackhorse-partners.com\/es\/wp-json\/wp\/v2\/pages\/248\/revisions\/1572"}],"wp:attachment":[{"href":"https:\/\/blackhorse-partners.com\/es\/wp-json\/wp\/v2\/media?parent=248"}],"curies":[{"name":"wp","href":"https:\/\/api.w.org\/{rel}","templated":true}]}}