{"id":1097,"date":"2023-09-27T14:34:32","date_gmt":"2023-09-27T13:34:32","guid":{"rendered":"https:\/\/blackhorse-partners.com\/cookie-policy\/"},"modified":"2023-09-27T15:35:15","modified_gmt":"2023-09-27T14:35:15","slug":"politica-de-cookies-2","status":"publish","type":"page","link":"https:\/\/blackhorse-partners.com\/ca\/politica-de-cookies-2\/","title":{"rendered":"Pol\u00edtica de cookies"},"content":{"rendered":"<div class=\"cli_pg_page_contaner\">\n<h3>Sobre aquesta pol\u00edtica de cookies.<\/h3>\n<div>Aquesta Pol\u00edtica de Cookies explica qu\u00e8 s\u00f3n les cookies i com les utilitzem. Ha de llegir aquesta pol\u00edtica per a comprendre qu\u00e8 s\u00f3n les cookies, com les usem, els tipus de cookies que usem, \u00e9s a dir, la informaci\u00f3 que recopilem usant cookies i com s&#8217;usa aquesta informaci\u00f3 i com controlar les prefer\u00e8ncies de cookies. Per a obtenir m\u00e9s informaci\u00f3 sobre com utilitzem, emmagatzemem i mantenim segurs les seves dades personals, consulti la nostra Pol\u00edtica de Privacitat. En qualsevol moment pot canviar o retirar el seu consentiment de la Declaraci\u00f3 de Cookies en el nostre lloc web.<br \/>\nObtingui m\u00e9s informaci\u00f3 sobre qui som. com pot contactar-nos i com processem les seves dades personals en la nostra Pol\u00edtica de Privacitat.<br \/>\nEl seu consentiment s&#8217;aplica als seg\u00fcents dominis: blackhorse-partners.com<br \/>\n<div class=\"wt-cli-element cli_user_consent_state\"><\/div><\/div>\n<h3>Qu\u00e8 s\u00f3n les cookies?<\/h3>\n<div>Les cookies s\u00f3n petits arxius de text que s&#8217;utilitzen per a emmagatzemar petits fragments d&#8217;informaci\u00f3. Les cookies s&#8217;emmagatzemen en el seu dispositiu quan el lloc web es carrega en el seu navegador. Aquestes cookies ens ajuden al fet que el lloc web funcioni correctament, fer que el lloc web sigui m\u00e9s segur, brindar una millor experi\u00e8ncia d&#8217;usuari i comprendre com funciona el lloc web i analitzar qu\u00e8 funciona i on necessita millorar.<\/div>\n<h3>Com utilitzem les cookies?<\/h3>\n<div>Com la majoria dels serveis en l\u00ednia, el nostre lloc web utilitza cookies pr\u00f2pies i de tercers per a diversos fins. Les cookies d&#8217;origen s\u00f3n en la seva majoria necess\u00e0ries perqu\u00e8 el lloc web funcioni correctament i no recopilen cap de les seves dades d&#8217;identificaci\u00f3 personal. Les cookies de tercers utilitzades en els nostres llocs web s&#8217;utilitzen principalment per a comprendre com funciona el lloc web, com vost\u00e8 interactui amb el nostre lloc web, mantingui els nostres serveis segurs, proporcioni anuncis que siguin rellevants per a vost\u00e8 i, en general, brindi una experi\u00e8ncia d&#8217;usuari millor i millor i ajudi a accelerar les seves futures interaccions amb el nostre lloc web.<\/div>\n<h3>Quins tipus de cookies utilitzem?<\/h3>\n<div>Les cookies utilitzades en el nostre lloc web s&#8217;agrupen en les seg\u00fcents categories.<br \/>\n<div class=\"wt-cli-element cli_cookie_category_single\"><div class=\"cli_cookie_category_single\"><h5 class=\"cli_cookie_category_single_hd\">Necess\u00e0ries<\/h5><div class=\"cli_cookie_category_single_description\"><p>Les cookies necess\u00e0ries s\u00f3n absolutament essencials perqu\u00e8 el lloc web funcioni correctament. Aquesta categoria nom\u00e9s inclou galetes que garanteixen funcionalitats b\u00e0siques i caracter\u00edstiques de seguretat del lloc web. Aquestes galetes no emmagatzemen cap informaci\u00f3 personal.<\/p><\/div><\/div><div class=\"cli_cookie_category_single\"><h5 class=\"cli_cookie_category_single_hd\">No necessaries<\/h5><div class=\"cli_cookie_category_single_description\"><p>Les cookies que poden no ser particularment necess\u00e0ries perqu\u00e8 el lloc web funcioni i s'utilitzen espec\u00edficament per recopilar dades personals de l'usuari a trav\u00e9s d'an\u00e0lisis, anuncis i altres continguts integrats s'anomenen galetes no necess\u00e0ries. \u00c9s obligatori obtenir el consentiment de l'usuari abans d'executar aquestes galetes al vostre lloc web.<\/p><\/div><\/div><div class=\"cli_cookie_category_single\"><h5 class=\"cli_cookie_category_single_hd\">Funcional<\/h5><div class=\"cli_cookie_category_single_description\"><p>Les cookies funcionals ajuden a realitzar certes funcionalitats, com ara compartir el contingut del lloc web en plataformes de xarxes socials, recopilar comentaris i altres funcions de tercers.\r\n<table class=\"wt-cli-element cookielawinfo-row-cat-table cookielawinfo-winter\"><thead><tr><th scope=\"col\" class=\"cookielawinfo-column-1\">Cookie<\/th><th scope=\"col\" class=\"cookielawinfo-column-3\">Durada<\/th><th scope=\"col\" class=\"cookielawinfo-column-4\">Descripci\u00f3<\/th><\/tr><\/thead><tbody><tr class=\"cookielawinfo-row\"><td class=\"cookielawinfo-column-1\">wp-wpml_current_language<\/td><td class=\"cookielawinfo-column-3\">sessi\u00f3<\/td><td class=\"cookielawinfo-column-4\">El connector multiling\u00fce de WordPress configura aquesta galeta per emmagatzemar la configuraci\u00f3 actual d'idioma\/idioma.<\/td><\/tr><\/tbody><\/table><\/p><\/div><\/div><div class=\"cli_cookie_category_single\"><h5 class=\"cli_cookie_category_single_hd\">Anal\u00edtica<\/h5><div class=\"cli_cookie_category_single_description\"><p>Les cookies anal\u00edtiques s'utilitzen per entendre com interactuen els visitants amb el lloc web. Aquestes cookies ajuden a proporcionar informaci\u00f3 sobre m\u00e8triques de nombre de visitants, percentatge de rebots, font de tr\u00e0nsit, etc.\r\n<table class=\"wt-cli-element cookielawinfo-row-cat-table cookielawinfo-winter\"><thead><tr><th scope=\"col\" class=\"cookielawinfo-column-1\">Cookie<\/th><th scope=\"col\" class=\"cookielawinfo-column-3\">Durada<\/th><th scope=\"col\" class=\"cookielawinfo-column-4\">Descripci\u00f3<\/th><\/tr><\/thead><tbody><tr class=\"cookielawinfo-row\"><td class=\"cookielawinfo-column-1\">_fbp<\/td><td class=\"cookielawinfo-column-3\">3 mesos<\/td><td class=\"cookielawinfo-column-4\">Facebook estableix aquesta galeta per mostrar anuncis quan sigui a Facebook o en una plataforma digital impulsada per publicitat de Facebook despr\u00e9s de visitar el lloc web.<\/td><\/tr><tr class=\"cookielawinfo-row\"><td class=\"cookielawinfo-column-1\">_ga<\/td><td class=\"cookielawinfo-column-3\">1 any 1 mes 4 dies<\/td><td class=\"cookielawinfo-column-4\">Google Analytics estableix aquesta galeta per calcular les dades de visitants, sessions i campanyes i fer un seguiment de l'\u00fas del lloc per a l'informe d'an\u00e0lisi del lloc. La galeta emmagatzema informaci\u00f3 de forma an\u00f2nima i assigna un n\u00famero generat aleat\u00f2riament per recon\u00e8ixer els visitants \u00fanics.<\/td><\/tr><tr class=\"cookielawinfo-row\"><td class=\"cookielawinfo-column-1\">_ga_*<\/td><td class=\"cookielawinfo-column-3\">1 any 1 mes 4 dies<\/td><td class=\"cookielawinfo-column-4\">Google Analytics configura aquesta galeta per emmagatzemar i comptar les p\u00e0gines vistes.<\/td><\/tr><\/tbody><\/table><\/p><\/div><\/div><div class=\"cli_cookie_category_single\"><h5 class=\"cli_cookie_category_single_hd\">Publicitat<\/h5><div class=\"cli_cookie_category_single_description\"><p>Les cookies publicit\u00e0ries s\u2019utilitzen per proporcionar als visitants anuncis i campanyes de m\u00e0rqueting rellevants. Aquestes cookies fan un seguiment dels visitants a trav\u00e9s de llocs web i recopilen informaci\u00f3 per proporcionar anuncis personalitzats.<\/p><\/div><\/div><\/div><br \/>\nLa seg\u00fcent llista detalla les cookies utilitzades en el nostre lloc web.<br \/>\n<table class=\"wt-cli-element cookielawinfo-classic cookielawinfo-row-cat-table\"><thead><tr><th scope=\"col\" class=\"cookielawinfo-column-1\">Cookie<\/th><th scope=\"col\" class=\"cookielawinfo-column-4\">Descripci\u00f3<\/th><\/thead><tbody><tr class=\"cookielawinfo-row-cat-title\"><th colspan=\"2\" class=\"cookielawinfo-row-cat-title-head\">Necess\u00e0ries<\/th><\/tr><tr class=\"cookielawinfo-row\"><td class=\"cookielawinfo-column-1\">wpEmojiSettingsSupports<\/td><td class=\"cookielawinfo-column-4\">WordPress estableix aquesta galeta quan un usuari interactua amb emojis en un lloc de WordPress. Ajuda a determinar si el navegador de l'usuari pot mostrar els emojis correctament.<\/td><\/tr><tr class=\"cookielawinfo-row\"><td class=\"cookielawinfo-column-1\">_GRECAPTCHA<\/td><td class=\"cookielawinfo-column-4\">El servei Recaptcha de Google estableix aquesta galeta per identificar robots per protegir el lloc web contra atacs de correu brossa maliciosos.<\/td><\/tr><tr class=\"cookielawinfo-row\"><td class=\"cookielawinfo-column-1\">cookielawinfo-checkbox-analytics<\/td><td class=\"cookielawinfo-column-4\">Establida pel complement de consentiment de galetes GDPR, aquesta galeta registra el consentiment de l'usuari per a les galetes a la categoria \"Analytics\".<\/td><\/tr><tr class=\"cookielawinfo-row\"><td class=\"cookielawinfo-column-1\">cookielawinfo-checkbox-functional<\/td><td class=\"cookielawinfo-column-4\">El connector de consentiment de galetes GDPR configura la galeta per registrar el consentiment de l'usuari per a les galetes a la categoria \"Funcionals\".<\/td><\/tr><tr class=\"cookielawinfo-row\"><td class=\"cookielawinfo-column-1\">CookieLawInfoConsent<\/td><td class=\"cookielawinfo-column-4\">CookieYes configura aquesta galeta per registrar l'estat del bot\u00f3 predeterminat de la categoria corresponent i l'estat de CCPA. Nom\u00e9s funciona en coordinaci\u00f3 amb la galeta principal.<\/td><\/tr><tr class=\"cookielawinfo-row\"><td class=\"cookielawinfo-column-1\">viewed_cookie_policy<\/td><td class=\"cookielawinfo-column-4\">La galeta la configura el connector de consentiment de galetes GDPR i s'utilitza per emmagatzemar si l'usuari ha consentit o no l'\u00fas de galetes. No emmagatzema cap dada personal.<\/td><\/tr><tr class=\"cookielawinfo-row\"><td class=\"cookielawinfo-column-1\">cookielawinfo-checkbox-necessary<\/td><td class=\"cookielawinfo-column-4\">Aquesta galeta l'estableix el connector de consentiment de galetes de GDPR. Les cookies s'utilitzen per emmagatzemar el consentiment de l'usuari per a les cookies de la categoria \"Necess\u00e0ries\".<\/td><\/tr><tr class=\"cookielawinfo-row\"><td class=\"cookielawinfo-column-1\">cookielawinfo-checkbox-non-necessary<\/td><td class=\"cookielawinfo-column-4\">Aquesta galeta l'estableix el connector de consentiment de galetes de GDPR. Les cookies s'utilitzen per emmagatzemar el consentiment de l'usuari per a les cookies de la categoria \"No Necess\u00e0ries\".<\/td><\/tr><tr class=\"cookielawinfo-row-cat-title\"><th colspan=\"2\" class=\"cookielawinfo-row-cat-title-head\">No necessaries<\/th><\/tr><tr class=\"cookielawinfo-row\"><td class=\"cookielawinfo-column-1\">test_cookie<\/td><td class=\"cookielawinfo-column-4\"><\/td><\/tr><tr class=\"cookielawinfo-row-cat-title\"><th colspan=\"2\" class=\"cookielawinfo-row-cat-title-head\">Funcional<\/th><\/tr><tr class=\"cookielawinfo-row\"><td class=\"cookielawinfo-column-1\">wp-wpml_current_language<\/td><td class=\"cookielawinfo-column-4\">El connector multiling\u00fce de WordPress configura aquesta galeta per emmagatzemar la configuraci\u00f3 actual d'idioma\/idioma.<\/td><\/tr><tr class=\"cookielawinfo-row-cat-title\"><th colspan=\"2\" class=\"cookielawinfo-row-cat-title-head\">Anal\u00edtica<\/th><\/tr><tr class=\"cookielawinfo-row\"><td class=\"cookielawinfo-column-1\">_fbp<\/td><td class=\"cookielawinfo-column-4\">Facebook estableix aquesta galeta per mostrar anuncis quan sigui a Facebook o en una plataforma digital impulsada per publicitat de Facebook despr\u00e9s de visitar el lloc web.<\/td><\/tr><tr class=\"cookielawinfo-row\"><td class=\"cookielawinfo-column-1\">_ga_*<\/td><td class=\"cookielawinfo-column-4\">Google Analytics configura aquesta galeta per emmagatzemar i comptar les p\u00e0gines vistes.<\/td><\/tr><tr class=\"cookielawinfo-row\"><td class=\"cookielawinfo-column-1\">_ga<\/td><td class=\"cookielawinfo-column-4\">Google Analytics estableix aquesta galeta per calcular les dades de visitants, sessions i campanyes i fer un seguiment de l'\u00fas del lloc per a l'informe d'an\u00e0lisi del lloc. La galeta emmagatzema informaci\u00f3 de forma an\u00f2nima i assigna un n\u00famero generat aleat\u00f2riament per recon\u00e8ixer els visitants \u00fanics.<\/td><\/tr><tr class=\"cookielawinfo-row-cat-title\"><th colspan=\"2\" class=\"cookielawinfo-row-cat-title-head\">Publicitat<\/th><\/tr><tr class=\"cookielawinfo-row\"><td class=\"cookielawinfo-column-1\">fr<\/td><td class=\"cookielawinfo-column-4\">Facebook estableix aquesta galeta per mostrar anuncis rellevants mitjan\u00e7ant el seguiment del comportament dels usuaris a trav\u00e9s del web, en llocs amb p\u00edxel de Facebook o connector social de Facebook.<\/td><\/tr><\/tbody><\/table><\/div>\n<h3>Com puc controlar les prefer\u00e8ncies de cookies?<\/h3>\n<div>Pot administrar les seves prefer\u00e8ncies de cookies fent clic en el bot\u00f3 &#8220;Configuraci\u00f3&#8221; i habilitant o deshabilitant les categories de cookies en la finestra emergent segons les seves prefer\u00e8ncies. Si decideix canviar les seves prefer\u00e8ncies m\u00e9s endavant durant la seva sessi\u00f3 de navegaci\u00f3, pot fer clic en el Pestanya &#8220;Administrar consentiment&#8221; en la seva pantalla. Aix\u00f2 mostrar\u00e0 novament l&#8217;av\u00eds de consentiment, la qual cosa li permetr\u00e0 canviar les seves prefer\u00e8ncies o retirar el seu consentiment per complet.A m\u00e9s d&#8217;aix\u00f2, diferents navegadors proporcionen diferents m\u00e8todes per a bloquejar i eliminar les cookies utilitzades pels llocs web. Pot canviar la configuraci\u00f3 del seu navegador per a bloquejar\/eliminar les cookies. Per a obtenir m\u00e9s informaci\u00f3 sobre com administrar i eliminar cookies, visiti wikipedia.org, www.allaboutcookies.org.<\/div>\n<\/div>\n","protected":false},"excerpt":{"rendered":"<p>Sobre aquesta pol\u00edtica de cookies. Aquesta Pol\u00edtica de Cookies explica qu\u00e8 s\u00f3n les cookies i com les utilitzem. Ha de llegir aquesta pol\u00edtica per a comprendre qu\u00e8 s\u00f3n les cookies, &hellip;<\/p>\n","protected":false},"author":1,"featured_media":0,"parent":0,"menu_order":0,"comment_status":"closed","ping_status":"closed","template":"page-templates\/page-legal.php","meta":{"_acf_changed":false,"footnotes":""},"class_list":["post-1097","page","type-page","status-publish","hentry"],"acf":[],"yoast_head":"<!-- This site is optimized with the Yoast SEO plugin v27.4 - https:\/\/yoast.com\/product\/yoast-seo-wordpress\/ -->\n<title>Pol\u00edtica de cookies - Black Horse<\/title>\n<meta name=\"description\" content=\"Sobre aquesta pol\u00edtica de cookies. Aquesta Pol\u00edtica de Cookies explica qu\u00e8 s\u00f3n les cookies i com les utilitzem. Ha de llegir aquesta pol\u00edtica per a\" \/>\n<meta name=\"robots\" content=\"index, follow, max-snippet:-1, max-image-preview:large, max-video-preview:-1\" \/>\n<link rel=\"canonical\" href=\"https:\/\/blackhorse-partners.com\/ca\/politica-de-cookies-2\/\" \/>\n<meta property=\"og:locale\" content=\"ca_ES\" \/>\n<meta property=\"og:type\" content=\"article\" \/>\n<meta property=\"og:title\" content=\"Pol\u00edtica de cookies - Black Horse\" \/>\n<meta property=\"og:description\" content=\"Sobre aquesta pol\u00edtica de cookies. Aquesta Pol\u00edtica de Cookies explica qu\u00e8 s\u00f3n les cookies i com les utilitzem. Ha de llegir aquesta pol\u00edtica per a\" \/>\n<meta property=\"og:url\" content=\"https:\/\/blackhorse-partners.com\/ca\/politica-de-cookies-2\/\" \/>\n<meta property=\"og:site_name\" content=\"Black Horse\" \/>\n<meta property=\"article:modified_time\" content=\"2023-09-27T14:35:15+00:00\" \/>\n<meta name=\"twitter:card\" content=\"summary_large_image\" \/>\n<meta name=\"twitter:label1\" content=\"Temps estimat de lectura\" \/>\n\t<meta name=\"twitter:data1\" content=\"3 minuts\" \/>\n<script type=\"application\/ld+json\" class=\"yoast-schema-graph\">{\"@context\":\"https:\\\/\\\/schema.org\",\"@graph\":[{\"@type\":\"WebPage\",\"@id\":\"https:\\\/\\\/blackhorse-partners.com\\\/ca\\\/politica-de-cookies-2\\\/\",\"url\":\"https:\\\/\\\/blackhorse-partners.com\\\/ca\\\/politica-de-cookies-2\\\/\",\"name\":\"Pol\u00edtica de cookies - Black Horse\",\"isPartOf\":{\"@id\":\"https:\\\/\\\/blackhorse-partners.com\\\/ca\\\/#website\"},\"datePublished\":\"2023-09-27T13:34:32+00:00\",\"dateModified\":\"2023-09-27T14:35:15+00:00\",\"description\":\"Sobre aquesta pol\u00edtica de cookies. Aquesta Pol\u00edtica de Cookies explica qu\u00e8 s\u00f3n les cookies i com les utilitzem. Ha de llegir aquesta pol\u00edtica per a\",\"breadcrumb\":{\"@id\":\"https:\\\/\\\/blackhorse-partners.com\\\/ca\\\/politica-de-cookies-2\\\/#breadcrumb\"},\"inLanguage\":\"ca\",\"potentialAction\":[{\"@type\":\"ReadAction\",\"target\":[\"https:\\\/\\\/blackhorse-partners.com\\\/ca\\\/politica-de-cookies-2\\\/\"]}]},{\"@type\":\"BreadcrumbList\",\"@id\":\"https:\\\/\\\/blackhorse-partners.com\\\/ca\\\/politica-de-cookies-2\\\/#breadcrumb\",\"itemListElement\":[{\"@type\":\"ListItem\",\"position\":1,\"name\":\"Portada\",\"item\":\"https:\\\/\\\/blackhorse-partners.com\\\/ca\\\/\"},{\"@type\":\"ListItem\",\"position\":2,\"name\":\"Pol\u00edtica de cookies\"}]},{\"@type\":\"WebSite\",\"@id\":\"https:\\\/\\\/blackhorse-partners.com\\\/ca\\\/#website\",\"url\":\"https:\\\/\\\/blackhorse-partners.com\\\/ca\\\/\",\"name\":\"Black Horse\",\"description\":\"Smart investments for exclusive living\",\"publisher\":{\"@id\":\"https:\\\/\\\/blackhorse-partners.com\\\/ca\\\/#organization\"},\"potentialAction\":[{\"@type\":\"SearchAction\",\"target\":{\"@type\":\"EntryPoint\",\"urlTemplate\":\"https:\\\/\\\/blackhorse-partners.com\\\/ca\\\/?s={search_term_string}\"},\"query-input\":{\"@type\":\"PropertyValueSpecification\",\"valueRequired\":true,\"valueName\":\"search_term_string\"}}],\"inLanguage\":\"ca\"},{\"@type\":\"Organization\",\"@id\":\"https:\\\/\\\/blackhorse-partners.com\\\/ca\\\/#organization\",\"name\":\"Black Horse\",\"url\":\"https:\\\/\\\/blackhorse-partners.com\\\/ca\\\/\",\"logo\":{\"@type\":\"ImageObject\",\"inLanguage\":\"ca\",\"@id\":\"https:\\\/\\\/blackhorse-partners.com\\\/ca\\\/#\\\/schema\\\/logo\\\/image\\\/\",\"url\":\"https:\\\/\\\/blackhorse-partners.com\\\/wp-content\\\/uploads\\\/Logo_BH.png\",\"contentUrl\":\"https:\\\/\\\/blackhorse-partners.com\\\/wp-content\\\/uploads\\\/Logo_BH.png\",\"width\":113,\"height\":48,\"caption\":\"Black Horse\"},\"image\":{\"@id\":\"https:\\\/\\\/blackhorse-partners.com\\\/ca\\\/#\\\/schema\\\/logo\\\/image\\\/\"}}]}<\/script>\n<!-- \/ Yoast SEO plugin. -->","yoast_head_json":{"title":"Pol\u00edtica de cookies - Black Horse","description":"Sobre aquesta pol\u00edtica de cookies. Aquesta Pol\u00edtica de Cookies explica qu\u00e8 s\u00f3n les cookies i com les utilitzem. Ha de llegir aquesta pol\u00edtica per a","robots":{"index":"index","follow":"follow","max-snippet":"max-snippet:-1","max-image-preview":"max-image-preview:large","max-video-preview":"max-video-preview:-1"},"canonical":"https:\/\/blackhorse-partners.com\/ca\/politica-de-cookies-2\/","og_locale":"ca_ES","og_type":"article","og_title":"Pol\u00edtica de cookies - Black Horse","og_description":"Sobre aquesta pol\u00edtica de cookies. Aquesta Pol\u00edtica de Cookies explica qu\u00e8 s\u00f3n les cookies i com les utilitzem. Ha de llegir aquesta pol\u00edtica per a","og_url":"https:\/\/blackhorse-partners.com\/ca\/politica-de-cookies-2\/","og_site_name":"Black Horse","article_modified_time":"2023-09-27T14:35:15+00:00","twitter_card":"summary_large_image","twitter_misc":{"Temps estimat de lectura":"3 minuts"},"schema":{"@context":"https:\/\/schema.org","@graph":[{"@type":"WebPage","@id":"https:\/\/blackhorse-partners.com\/ca\/politica-de-cookies-2\/","url":"https:\/\/blackhorse-partners.com\/ca\/politica-de-cookies-2\/","name":"Pol\u00edtica de cookies - Black Horse","isPartOf":{"@id":"https:\/\/blackhorse-partners.com\/ca\/#website"},"datePublished":"2023-09-27T13:34:32+00:00","dateModified":"2023-09-27T14:35:15+00:00","description":"Sobre aquesta pol\u00edtica de cookies. Aquesta Pol\u00edtica de Cookies explica qu\u00e8 s\u00f3n les cookies i com les utilitzem. Ha de llegir aquesta pol\u00edtica per a","breadcrumb":{"@id":"https:\/\/blackhorse-partners.com\/ca\/politica-de-cookies-2\/#breadcrumb"},"inLanguage":"ca","potentialAction":[{"@type":"ReadAction","target":["https:\/\/blackhorse-partners.com\/ca\/politica-de-cookies-2\/"]}]},{"@type":"BreadcrumbList","@id":"https:\/\/blackhorse-partners.com\/ca\/politica-de-cookies-2\/#breadcrumb","itemListElement":[{"@type":"ListItem","position":1,"name":"Portada","item":"https:\/\/blackhorse-partners.com\/ca\/"},{"@type":"ListItem","position":2,"name":"Pol\u00edtica de cookies"}]},{"@type":"WebSite","@id":"https:\/\/blackhorse-partners.com\/ca\/#website","url":"https:\/\/blackhorse-partners.com\/ca\/","name":"Black Horse","description":"Smart investments for exclusive living","publisher":{"@id":"https:\/\/blackhorse-partners.com\/ca\/#organization"},"potentialAction":[{"@type":"SearchAction","target":{"@type":"EntryPoint","urlTemplate":"https:\/\/blackhorse-partners.com\/ca\/?s={search_term_string}"},"query-input":{"@type":"PropertyValueSpecification","valueRequired":true,"valueName":"search_term_string"}}],"inLanguage":"ca"},{"@type":"Organization","@id":"https:\/\/blackhorse-partners.com\/ca\/#organization","name":"Black Horse","url":"https:\/\/blackhorse-partners.com\/ca\/","logo":{"@type":"ImageObject","inLanguage":"ca","@id":"https:\/\/blackhorse-partners.com\/ca\/#\/schema\/logo\/image\/","url":"https:\/\/blackhorse-partners.com\/wp-content\/uploads\/Logo_BH.png","contentUrl":"https:\/\/blackhorse-partners.com\/wp-content\/uploads\/Logo_BH.png","width":113,"height":48,"caption":"Black Horse"},"image":{"@id":"https:\/\/blackhorse-partners.com\/ca\/#\/schema\/logo\/image\/"}}]}},"_links":{"self":[{"href":"https:\/\/blackhorse-partners.com\/ca\/wp-json\/wp\/v2\/pages\/1097","targetHints":{"allow":["GET"]}}],"collection":[{"href":"https:\/\/blackhorse-partners.com\/ca\/wp-json\/wp\/v2\/pages"}],"about":[{"href":"https:\/\/blackhorse-partners.com\/ca\/wp-json\/wp\/v2\/types\/page"}],"author":[{"embeddable":true,"href":"https:\/\/blackhorse-partners.com\/ca\/wp-json\/wp\/v2\/users\/1"}],"replies":[{"embeddable":true,"href":"https:\/\/blackhorse-partners.com\/ca\/wp-json\/wp\/v2\/comments?post=1097"}],"version-history":[{"count":4,"href":"https:\/\/blackhorse-partners.com\/ca\/wp-json\/wp\/v2\/pages\/1097\/revisions"}],"predecessor-version":[{"id":1224,"href":"https:\/\/blackhorse-partners.com\/ca\/wp-json\/wp\/v2\/pages\/1097\/revisions\/1224"}],"wp:attachment":[{"href":"https:\/\/blackhorse-partners.com\/ca\/wp-json\/wp\/v2\/media?parent=1097"}],"curies":[{"name":"wp","href":"https:\/\/api.w.org\/{rel}","templated":true}]}}